{"id":9308,"date":"2023-12-01T18:23:21","date_gmt":"2023-12-01T18:23:21","guid":{"rendered":"https:\/\/wingpassion.de\/shop\/?post_type=product&#038;p=9308"},"modified":"2026-02-04T12:26:57","modified_gmt":"2026-02-04T12:26:57","slug":"ensis-helm-balz-junior-der-wingfoil-helm-fuer-joungsters","status":"publish","type":"product","link":"https:\/\/wingpassion.de\/shop\/produkt\/ensis-helm-balz-junior-der-wingfoil-helm-fuer-joungsters","title":{"rendered":"ENSIS Helm BALZ Junior &#8211; DER Wingfoil Helm f\u00fcr Joungsters"},"content":{"rendered":"<div class=\"flex-1 overflow-hidden\">\n<div class=\"react-scroll-to-bottom--css-jfenv-79elbk h-full\">\n<div class=\"react-scroll-to-bottom--css-jfenv-1n7m0yu\">\n<div class=\"flex flex-col pb-9 text-sm\">\n<div class=\"w-full text-token-text-primary\" data-testid=\"conversation-turn-11\">\n<div class=\"px-4 py-2 justify-center text-base md:gap-6 m-auto\">\n<div class=\"flex flex-1 text-base mx-auto gap-3 md:px-5 lg:px-1 xl:px-5 md:max-w-3xl lg:max-w-[40rem] xl:max-w-[48rem] } group final-completion\">\n<div class=\"relative flex w-full flex-col lg:w-[calc(100%-115px)] agent-turn\">\n<div class=\"flex-col gap-1 md:gap-3\">\n<div class=\"flex flex-grow flex-col max-w-full\">\n<div class=\"min-h-[20px] text-message flex flex-col items-start gap-3 whitespace-pre-wrap break-words [.text-message+&amp;]:mt-5 overflow-x-auto\" data-message-author-role=\"assistant\" data-message-id=\"1915e2ba-a2eb-40d9-b83c-a42c05d3366d\">\n<div class=\"markdown prose w-full break-words dark:prose-invert light\">\n<p>F\u00fcr alle jungen Wassersportbegeisterten, die sicher das Wingfoilen ausprobieren oder ihre Tricks und Moves verbessern m\u00f6chten, pr\u00e4sentiert ENSIS stolz den <strong>Balz Junior Helm<\/strong>. Dieser Helm nimmt spielend die St\u00f6\u00dfe und Belastungen jeder Wassersport-Session hin und bietet dabei h\u00f6chsten Schutz. Er ist nicht nur strapazierf\u00e4hig, sondern auch leicht und gew\u00e4hrleistet dank des Dial-Fit-Systems eine perfekte Passform. Dieser CE-zertifizierte Helm ist so komfortabel, dass du fast vergisst, \u00fcberhaupt einen Helm zu tragen.<\/p>\n<p>Stilsicher \u2013 und noch stylischer, wenn du ihm mit den mitgelieferten Stickern deinen eigenen Look verleihst. Der Balz Junior Helm von ENSIS ist nicht nur ein Statement in Sachen Sicherheit f\u00fcr junge Wassersportler, sondern auch ein modisches Accessoire.<\/p>\n<p>Mit seinem langlebigen, leichten Design und dem hervorragenden Tragekomfort ist der Balz Junior Helm der ideale Begleiter f\u00fcr alle jungen Abenteurer auf dem Wasser. Gib ihm eine pers\u00f6nliche Note und entdecke das Vergn\u00fcgen des Wassersports in vollen Z\u00fcgen!<\/p>\n<\/div>\n<\/div>\n<\/div>\n<\/div>\n<\/div>\n<\/div>\n<\/div>\n<\/div>\n<\/div>\n<\/div>\n<\/div>\n<\/div>\n<p>&nbsp;<\/p>\n<div class=\"ast-oembed-container \" style=\"height: 100%;\"><iframe title=\"ENSIS Helmets: the highest standard in head protection for wingfoiling\" width=\"500\" height=\"281\" src=\"https:\/\/www.youtube.com\/embed\/eWttPYC8nXg?feature=oembed\" frameborder=\"0\" allow=\"accelerometer; autoplay; clipboard-write; encrypted-media; gyroscope; picture-in-picture; web-share\" referrerpolicy=\"strict-origin-when-cross-origin\" allowfullscreen><\/iframe><\/div>\n","protected":false},"excerpt":{"rendered":"<p>F\u00fcr alle, die m\u00f6chten, dass ihre Kid sicheren Spa\u00df auf dem Wasser haben, bietet der ENSIS Balz Pro Helm die optimale L\u00f6sung, um selbst bei intensiven Sessions auf dem Wasser bestens gesch\u00fctzt zu sein.<\/p>\n","protected":false},"featured_media":9311,"template":"","meta":{"om_disable_all_campaigns":false,"_uag_custom_page_level_css":"","_monsterinsights_skip_tracking":false,"_monsterinsights_sitenote_active":false,"_monsterinsights_sitenote_note":"","_monsterinsights_sitenote_category":0,"_uf_show_specific_survey":0,"_uf_disable_surveys":false,"site-sidebar-layout":"default","site-content-layout":"","ast-site-content-layout":"default","site-content-style":"default","site-sidebar-style":"default","ast-global-header-display":"","ast-banner-title-visibility":"","ast-main-header-display":"","ast-hfb-above-header-display":"","ast-hfb-below-header-display":"","ast-hfb-mobile-header-display":"","site-post-title":"","ast-breadcrumbs-content":"","ast-featured-img":"","footer-sml-layout":"","ast-disable-related-posts":"","theme-transparent-header-meta":"default","adv-header-id-meta":"","stick-header-meta":"default","header-above-stick-meta":"","header-main-stick-meta":"","header-below-stick-meta":"","astra-migrate-meta-layouts":"set","ast-page-background-enabled":"default","ast-page-background-meta":{"desktop":{"background-color":"","background-image":"","background-repeat":"repeat","background-position":"center center","background-size":"auto","background-attachment":"scroll","background-type":"","background-media":"","overlay-type":"","overlay-color":"","overlay-opacity":"","overlay-gradient":""},"tablet":{"background-color":"","background-image":"","background-repeat":"repeat","background-position":"center center","background-size":"auto","background-attachment":"scroll","background-type":"","background-media":"","overlay-type":"","overlay-color":"","overlay-opacity":"","overlay-gradient":""},"mobile":{"background-color":"","background-image":"","background-repeat":"repeat","background-position":"center center","background-size":"auto","background-attachment":"scroll","background-type":"","background-media":"","overlay-type":"","overlay-color":"","overlay-opacity":"","overlay-gradient":""}},"ast-content-background-meta":{"desktop":{"background-color":"var(--ast-global-color-5)","background-image":"","background-repeat":"repeat","background-position":"center center","background-size":"auto","background-attachment":"scroll","background-type":"","background-media":"","overlay-type":"","overlay-color":"","overlay-opacity":"","overlay-gradient":""},"tablet":{"background-color":"var(--ast-global-color-5)","background-image":"","background-repeat":"repeat","background-position":"center center","background-size":"auto","background-attachment":"scroll","background-type":"","background-media":"","overlay-type":"","overlay-color":"","overlay-opacity":"","overlay-gradient":""},"mobile":{"background-color":"var(--ast-global-color-5)","background-image":"","background-repeat":"repeat","background-position":"center center","background-size":"auto","background-attachment":"scroll","background-type":"","background-media":"","overlay-type":"","overlay-color":"","overlay-opacity":"","overlay-gradient":""}}},"pwb-brand":[265],"product_brand":[],"product_cat":[1034,1064,445],"product_tag":[910,909],"class_list":{"0":"post-9308","1":"product","2":"type-product","3":"status-publish","4":"has-post-thumbnail","6":"pwb-brand-ensis","7":"product_cat-einsteiger","8":"product_cat-essentials","9":"product_cat-zubehoer","10":"product_tag-helm","11":"product_tag-junior","12":"desktop-align-center","13":"tablet-align-left","14":"mobile-align-left","15":"ast-product-gallery-layout-horizontal-slider","16":"ast-product-tabs-layout-horizontal","18":"first","19":"instock","20":"featured","21":"shipping-taxable","22":"purchasable","23":"product-type-simple"},"aioseo_notices":[],"uagb_featured_image_src":{"full":["https:\/\/wingpassion.de\/shop\/wp-content\/uploads\/2023\/12\/Balz-JR-transparent.png",1080,1080,false],"thumbnail":["https:\/\/wingpassion.de\/shop\/wp-content\/uploads\/2023\/12\/Balz-JR-transparent-150x150.png",150,150,true],"medium":["https:\/\/wingpassion.de\/shop\/wp-content\/uploads\/2023\/12\/Balz-JR-transparent-300x300.png",300,300,true],"medium_large":["https:\/\/wingpassion.de\/shop\/wp-content\/uploads\/2023\/12\/Balz-JR-transparent-768x768.png",768,768,true],"large":["https:\/\/wingpassion.de\/shop\/wp-content\/uploads\/2023\/12\/Balz-JR-transparent-1024x1024.png",1024,1024,true],"1536x1536":["https:\/\/wingpassion.de\/shop\/wp-content\/uploads\/2023\/12\/Balz-JR-transparent.png",1080,1080,false],"2048x2048":["https:\/\/wingpassion.de\/shop\/wp-content\/uploads\/2023\/12\/Balz-JR-transparent.png",1080,1080,false],"woocommerce_thumbnail":["https:\/\/wingpassion.de\/shop\/wp-content\/uploads\/2023\/12\/Balz-JR-transparent-450x450.png",450,450,true],"woocommerce_single":["https:\/\/wingpassion.de\/shop\/wp-content\/uploads\/2023\/12\/Balz-JR-transparent-600x600.png",600,600,true],"woocommerce_gallery_thumbnail":["https:\/\/wingpassion.de\/shop\/wp-content\/uploads\/2023\/12\/Balz-JR-transparent-100x100.png",100,100,true],"dgwt-wcas-product-suggestion":["https:\/\/wingpassion.de\/shop\/wp-content\/uploads\/2023\/12\/Balz-JR-transparent.png",64,64,false]},"uagb_author_info":{"display_name":"Gordon","author_link":"https:\/\/wingpassion.de\/shop\/author"},"uagb_comment_info":0,"uagb_excerpt":"F\u00fcr alle, die m\u00f6chten, dass ihre Kid sicheren Spa\u00df auf dem Wasser haben, bietet der ENSIS Balz Pro Helm die optimale L\u00f6sung, um selbst bei intensiven Sessions auf dem Wasser bestens gesch\u00fctzt zu sein.","brands":[{"id":265,"name":"Ensis","slug":"ensis"}],"_links":{"self":[{"href":"https:\/\/wingpassion.de\/shop\/wp-json\/wp\/v2\/product\/9308","targetHints":{"allow":["GET"]}}],"collection":[{"href":"https:\/\/wingpassion.de\/shop\/wp-json\/wp\/v2\/product"}],"about":[{"href":"https:\/\/wingpassion.de\/shop\/wp-json\/wp\/v2\/types\/product"}],"version-history":[{"count":1,"href":"https:\/\/wingpassion.de\/shop\/wp-json\/wp\/v2\/product\/9308\/revisions"}],"predecessor-version":[{"id":11862,"href":"https:\/\/wingpassion.de\/shop\/wp-json\/wp\/v2\/product\/9308\/revisions\/11862"}],"wp:featuredmedia":[{"embeddable":true,"href":"https:\/\/wingpassion.de\/shop\/wp-json\/wp\/v2\/media\/9311"}],"wp:attachment":[{"href":"https:\/\/wingpassion.de\/shop\/wp-json\/wp\/v2\/media?parent=9308"}],"wp:term":[{"taxonomy":"pwb-brand","embeddable":true,"href":"https:\/\/wingpassion.de\/shop\/wp-json\/wp\/v2\/pwb-brand?post=9308"},{"taxonomy":"product_brand","embeddable":true,"href":"https:\/\/wingpassion.de\/shop\/wp-json\/wp\/v2\/product_brand?post=9308"},{"taxonomy":"product_cat","embeddable":true,"href":"https:\/\/wingpassion.de\/shop\/wp-json\/wp\/v2\/product_cat?post=9308"},{"taxonomy":"product_tag","embeddable":true,"href":"https:\/\/wingpassion.de\/shop\/wp-json\/wp\/v2\/product_tag?post=9308"}],"curies":[{"name":"wp","href":"https:\/\/api.w.org\/{rel}","templated":true}]}}