{"id":9298,"date":"2023-12-01T18:22:10","date_gmt":"2023-12-01T18:22:10","guid":{"rendered":"https:\/\/wingpassion.de\/shop\/?post_type=product&#038;p=9298"},"modified":"2026-02-03T11:30:22","modified_gmt":"2026-02-03T11:30:22","slug":"ensis-helm-balz-pro-der-wingfoil-helm","status":"publish","type":"product","link":"https:\/\/wingpassion.de\/shop\/produkt\/ensis-helm-balz-pro-der-wingfoil-helm","title":{"rendered":"ENSIS Helm BALZ Pro &#8211; DER Wingfoil Helm"},"content":{"rendered":"<p>F\u00fcr alle, die sicher Tricks und Moves ausf\u00fchren m\u00f6chten, bietet der ENSIS Balz Pro Helm die optimale L\u00f6sung, um selbst bei intensiven Sessions auf dem Wasser bestens gesch\u00fctzt zu sein. Robust und kompromisslos nimmt der Balz Pro so manchen Sto\u00df und Schlag spielend hin. Mit festen Ohrsch\u00fctzern und einem perfekten Sitz dank des Dial-Fit-Systems ist dieser Helm nicht nur widerstandsf\u00e4hig, sondern auch \u00e4u\u00dferst komfortabel \u2013 du wirst fast vergessen, dass du \u00fcberhaupt einen Helm tr\u00e4gst.<\/p>\n<p>Stilsicher \u2013 und noch stylischer, wenn du die Sticker verwendest, um ihm deinen eigenen, einzigartigen Look zu verleihen. Der Balz Pro Helm ist nicht nur ein Statement in Sachen Sicherheit, sondern auch in puncto Style.<\/p>\n<p>Mit seiner Multi-Impact-Widerstandsf\u00e4higkeit, dem perfekten Sitz und der furchtlosen Ausstrahlung ist der Balz Pro Helm ein Must-have f\u00fcr jeden, der das Wasser mit Tricks erobern m\u00f6chte. Gib ihm eine pers\u00f6nliche Note mit den mitgelieferten Balz Stickern und zeige deine Individualit\u00e4t auf dem Wasser!<\/p>\n<p>&nbsp;<\/p>\n<div class=\"ast-oembed-container \" style=\"height: 100%;\"><iframe title=\"ENSIS Helmets: the highest standard in head protection for wingfoiling\" width=\"500\" height=\"281\" src=\"https:\/\/www.youtube.com\/embed\/eWttPYC8nXg?feature=oembed\" frameborder=\"0\" allow=\"accelerometer; autoplay; clipboard-write; encrypted-media; gyroscope; picture-in-picture; web-share\" referrerpolicy=\"strict-origin-when-cross-origin\" allowfullscreen><\/iframe><\/div>\n","protected":false},"excerpt":{"rendered":"<p>F\u00fcr alle, die sicher Tricks und Moves ausf\u00fchren m\u00f6chten, bietet der ENSIS Balz Pro Helm die optimale L\u00f6sung, um selbst bei intensiven Sessions auf dem Wasser bestens gesch\u00fctzt zu sein.<\/p>\n","protected":false},"featured_media":9301,"template":"","meta":{"om_disable_all_campaigns":false,"_uag_custom_page_level_css":"","_monsterinsights_skip_tracking":false,"_monsterinsights_sitenote_active":false,"_monsterinsights_sitenote_note":"","_monsterinsights_sitenote_category":0,"_uf_show_specific_survey":0,"_uf_disable_surveys":false,"site-sidebar-layout":"default","site-content-layout":"","ast-site-content-layout":"default","site-content-style":"default","site-sidebar-style":"default","ast-global-header-display":"","ast-banner-title-visibility":"","ast-main-header-display":"","ast-hfb-above-header-display":"","ast-hfb-below-header-display":"","ast-hfb-mobile-header-display":"","site-post-title":"","ast-breadcrumbs-content":"","ast-featured-img":"","footer-sml-layout":"","ast-disable-related-posts":"","theme-transparent-header-meta":"default","adv-header-id-meta":"","stick-header-meta":"default","header-above-stick-meta":"","header-main-stick-meta":"","header-below-stick-meta":"","astra-migrate-meta-layouts":"set","ast-page-background-enabled":"default","ast-page-background-meta":{"desktop":{"background-color":"","background-image":"","background-repeat":"repeat","background-position":"center center","background-size":"auto","background-attachment":"scroll","background-type":"","background-media":"","overlay-type":"","overlay-color":"","overlay-opacity":"","overlay-gradient":""},"tablet":{"background-color":"","background-image":"","background-repeat":"repeat","background-position":"center center","background-size":"auto","background-attachment":"scroll","background-type":"","background-media":"","overlay-type":"","overlay-color":"","overlay-opacity":"","overlay-gradient":""},"mobile":{"background-color":"","background-image":"","background-repeat":"repeat","background-position":"center center","background-size":"auto","background-attachment":"scroll","background-type":"","background-media":"","overlay-type":"","overlay-color":"","overlay-opacity":"","overlay-gradient":""}},"ast-content-background-meta":{"desktop":{"background-color":"var(--ast-global-color-5)","background-image":"","background-repeat":"repeat","background-position":"center center","background-size":"auto","background-attachment":"scroll","background-type":"","background-media":"","overlay-type":"","overlay-color":"","overlay-opacity":"","overlay-gradient":""},"tablet":{"background-color":"var(--ast-global-color-5)","background-image":"","background-repeat":"repeat","background-position":"center center","background-size":"auto","background-attachment":"scroll","background-type":"","background-media":"","overlay-type":"","overlay-color":"","overlay-opacity":"","overlay-gradient":""},"mobile":{"background-color":"var(--ast-global-color-5)","background-image":"","background-repeat":"repeat","background-position":"center center","background-size":"auto","background-attachment":"scroll","background-type":"","background-media":"","overlay-type":"","overlay-color":"","overlay-opacity":"","overlay-gradient":""}}},"pwb-brand":[265],"product_brand":[],"product_cat":[1034,1064,445],"product_tag":[911,910,362],"class_list":{"0":"post-9298","1":"product","2":"type-product","3":"status-publish","4":"has-post-thumbnail","6":"pwb-brand-ensis","7":"product_cat-einsteiger","8":"product_cat-essentials","9":"product_cat-zubehoer","10":"product_tag-balz","11":"product_tag-helm","12":"product_tag-pro","13":"product_shipping_class-zubehoer","14":"desktop-align-center","15":"tablet-align-left","16":"mobile-align-left","17":"ast-product-gallery-layout-horizontal-slider","18":"ast-product-single-variable","19":"ast-product-tabs-layout-horizontal","21":"first","22":"instock","23":"featured","24":"shipping-taxable","25":"purchasable","26":"product-type-variable"},"aioseo_notices":[],"uagb_featured_image_src":{"full":["https:\/\/wingpassion.de\/shop\/wp-content\/uploads\/2023\/12\/1_ENSIS-Balz-Pro-Helmet.jpg",600,600,false],"thumbnail":["https:\/\/wingpassion.de\/shop\/wp-content\/uploads\/2023\/12\/1_ENSIS-Balz-Pro-Helmet-150x150.jpg",150,150,true],"medium":["https:\/\/wingpassion.de\/shop\/wp-content\/uploads\/2023\/12\/1_ENSIS-Balz-Pro-Helmet-300x300.jpg",300,300,true],"medium_large":["https:\/\/wingpassion.de\/shop\/wp-content\/uploads\/2023\/12\/1_ENSIS-Balz-Pro-Helmet.jpg",600,600,false],"large":["https:\/\/wingpassion.de\/shop\/wp-content\/uploads\/2023\/12\/1_ENSIS-Balz-Pro-Helmet.jpg",600,600,false],"1536x1536":["https:\/\/wingpassion.de\/shop\/wp-content\/uploads\/2023\/12\/1_ENSIS-Balz-Pro-Helmet.jpg",600,600,false],"2048x2048":["https:\/\/wingpassion.de\/shop\/wp-content\/uploads\/2023\/12\/1_ENSIS-Balz-Pro-Helmet.jpg",600,600,false],"woocommerce_thumbnail":["https:\/\/wingpassion.de\/shop\/wp-content\/uploads\/2023\/12\/1_ENSIS-Balz-Pro-Helmet-450x450.jpg",450,450,true],"woocommerce_single":["https:\/\/wingpassion.de\/shop\/wp-content\/uploads\/2023\/12\/1_ENSIS-Balz-Pro-Helmet.jpg",600,600,false],"woocommerce_gallery_thumbnail":["https:\/\/wingpassion.de\/shop\/wp-content\/uploads\/2023\/12\/1_ENSIS-Balz-Pro-Helmet-100x100.jpg",100,100,true],"dgwt-wcas-product-suggestion":["https:\/\/wingpassion.de\/shop\/wp-content\/uploads\/2023\/12\/1_ENSIS-Balz-Pro-Helmet.jpg",64,64,false]},"uagb_author_info":{"display_name":"Gordon","author_link":"https:\/\/wingpassion.de\/shop\/author"},"uagb_comment_info":0,"uagb_excerpt":"F\u00fcr alle, die sicher Tricks und Moves ausf\u00fchren m\u00f6chten, bietet der ENSIS Balz Pro Helm die optimale L\u00f6sung, um selbst bei intensiven Sessions auf dem Wasser bestens gesch\u00fctzt zu sein.","brands":[{"id":265,"name":"Ensis","slug":"ensis"}],"_links":{"self":[{"href":"https:\/\/wingpassion.de\/shop\/wp-json\/wp\/v2\/product\/9298","targetHints":{"allow":["GET"]}}],"collection":[{"href":"https:\/\/wingpassion.de\/shop\/wp-json\/wp\/v2\/product"}],"about":[{"href":"https:\/\/wingpassion.de\/shop\/wp-json\/wp\/v2\/types\/product"}],"version-history":[{"count":1,"href":"https:\/\/wingpassion.de\/shop\/wp-json\/wp\/v2\/product\/9298\/revisions"}],"predecessor-version":[{"id":11078,"href":"https:\/\/wingpassion.de\/shop\/wp-json\/wp\/v2\/product\/9298\/revisions\/11078"}],"wp:featuredmedia":[{"embeddable":true,"href":"https:\/\/wingpassion.de\/shop\/wp-json\/wp\/v2\/media\/9301"}],"wp:attachment":[{"href":"https:\/\/wingpassion.de\/shop\/wp-json\/wp\/v2\/media?parent=9298"}],"wp:term":[{"taxonomy":"pwb-brand","embeddable":true,"href":"https:\/\/wingpassion.de\/shop\/wp-json\/wp\/v2\/pwb-brand?post=9298"},{"taxonomy":"product_brand","embeddable":true,"href":"https:\/\/wingpassion.de\/shop\/wp-json\/wp\/v2\/product_brand?post=9298"},{"taxonomy":"product_cat","embeddable":true,"href":"https:\/\/wingpassion.de\/shop\/wp-json\/wp\/v2\/product_cat?post=9298"},{"taxonomy":"product_tag","embeddable":true,"href":"https:\/\/wingpassion.de\/shop\/wp-json\/wp\/v2\/product_tag?post=9298"}],"curies":[{"name":"wp","href":"https:\/\/api.w.org\/{rel}","templated":true}]}}