{"id":9180,"date":"2023-11-19T08:27:54","date_gmt":"2023-11-19T08:27:54","guid":{"rendered":"https:\/\/wingpassion.de\/shop\/?post_type=product&#038;p=9180"},"modified":"2023-12-01T19:35:06","modified_gmt":"2023-12-01T19:35:06","slug":"ak-foil-tracer-v3-alu-taperlock-complete","status":"publish","type":"product","link":"https:\/\/wingpassion.de\/shop\/produkt\/ak-foil-tracer-v3-alu-taperlock-complete","title":{"rendered":"AK FOIL SET TRACER V3 &#8211; ALU TAPERLOCK &#8211; COMPLETE"},"content":{"rendered":"<p>TRACER &#8211; Medium Aspect Foil Serie<br \/>\nV3 mit TaperLock<\/p>\n<p>Mittlere Streckung f\u00fcr einfache Handhabung und Man\u00f6vrierbarkeit.<br \/>\nArc Down Stabilisator f\u00fcr Richtungsstabilit\u00e4t und Benutzerfreundlichkeit.<br \/>\nVielseitige Leistung und Kontrolle bei hohen Geschwindigkeiten.<\/p>\n<p>F\u00fcr Fahrer, die nach der perfekten Balance zwischen Leistung, Benutzerfreundlichkeit und ultimativer Man\u00f6vrierf\u00e4higkeit suchen, wurde die Tracer Hydrofoil Serie komplett \u00fcberarbeitet, damit du mit intuitiver Leichtigkeit die saubersten Linien carven kannst.<\/p>\n<p><strong>WICHTIGSTE AKTUALISIERUNGEN<\/strong><br \/>\nUpgrade von unabh\u00e4ngigem Frontfl\u00fcgel und Fuselage zu einem integrierten Frontfl\u00fcgel und Fuselage.<br \/>\nGanz neue, steifere TaperLock-Mast-Fuselage-Verbindung.<br \/>\nHintere Stabilisatoren aus G10.<\/p>\n<p>MODULARE HYDROFOIL-LEISTUNG<\/p>\n<p>Die modulare Foil-Plattform ber\u00fccksichtigt die Evolution des Foilings und erm\u00f6glicht es den Fahrern, ihr Setup individuell anzupassen.<\/p>\n<p>Von der allerersten Fahrt und niedrigeren Geschwindigkeiten bis hin zu den technischsten Fahrf\u00e4higkeiten mit l\u00e4ngeren Masten und h\u00f6heren Geschwindigkeiten &#8211; die modulare Foil-Plattform wurde entwickelt, um die Bed\u00fcrfnisse von Fahrern auf jedem Niveau und in verschiedenen Sportarten zu erf\u00fcllen.<\/p>\n<p>BASISPLATTE<br \/>\nDie stromlinienf\u00f6rmige 0-Grad-Aluminium-Grundplatte minimiert den Luftwiderstand beim Anfahren und Aufsetzen, w\u00e4hrend sie \u00fcber die M8-Doppelbolzenverbindung eine solide Verbindung mit dem Mast herstellt.<\/p>\n<p>12-mm-Schlitze erm\u00f6glichen eine Mikro-Trimmeinstellung, wenn die Platte nicht in einem Schienensystem verwendet wird, w\u00e4hrend die offenen Enden die Platte viel schneller und einfacher montieren, wenn sie in einem Schienensystem verwendet wird.<\/p>\n<p>STABILISATOREN<\/p>\n<p>MUSTACHE<br \/>\nDie trimmbaren Schnurrbart-Heckfl\u00fcgel in den Gr\u00f6\u00dfen von 260 bis 340 sorgen f\u00fcr Richtungsstabilit\u00e4t.<\/p>\n<p>G10 ARC DOWN<br \/>\nDie G10 160, 180, 200 und 220 Arc Down Stabilisatoren sind ideal f\u00fcr hocheffizientes Pumpen und Gleiten, hohe Geschwindigkeiten und schwenkbare Kurven. Die G10-Konstruktion bietet St\u00e4rke, Steifigkeit und Haltbarkeit.<\/p>\n<p>HINTENF\u00dcHRUNGEN<br \/>\nDie Tragfl\u00e4chen der Plasma- und Tracer-Serien verf\u00fcgen \u00fcber einen strukturell integrierten, kombinierten Vorderfl\u00fcgel und Rumpf, was zu einer unvergleichlichen hydrodynamischen Leistung f\u00fchrt. Die Str\u00f6mungsdynamik der kombinierten Fl\u00fcgelkonstruktion f\u00fchrt zu einer viel steiferen und effizienteren Struktur, die Ihnen das Tragfl\u00e4chenfliegen mit intuitiver Leichtigkeit erm\u00f6glichen wird.<\/p>\n<p>Diese integrierten Fl\u00fcgel werden mit hinteren R\u00fcmpfen gepaart, die in den L\u00e4ngen 26,5, 31,5 und 36,5 cm erh\u00e4ltlich sind.<\/p>\n<p>R\u00dcMPFE<br \/>\n61cm STEALTH FUSELAGE &#8211; TAPERLOCK<br \/>\nDer k\u00fcrzere Rumpf bietet im Vergleich zum 71cm-Rumpf eine hohe Man\u00f6vrierf\u00e4higkeit und ein effizienteres Pumpen mit einer k\u00fcrzeren Kadenz.<\/p>\n<p>66cm STEALTH FUSELAGE &#8211; TAPERLOCK<br \/>\nDer mittellange 66-cm-Rumpf bietet die perfekte Balance zwischen Stabilit\u00e4t und Man\u00f6vrierf\u00e4higkeit.<\/p>\n<p>71cm STEALTH FUSELAGE &#8211; TAPERLOCK<br \/>\nDie l\u00e4ngere effektive Kadenz des 71-cm-Rumpfes bietet eine stabilere Plattform f\u00fcr den allgemeinen Freeride-Einsatz und die Progression.<\/p>\n<p>MASTS<br \/>\nALUMINIUM &#8211; TAPERLOCK<br \/>\nDie bombenfesten Aluminiummasten sind in 5 Gr\u00f6\u00dfen erh\u00e4ltlich: 50 \/ 60 \/ 70 \/ 80 \/ 95cm.<\/p>\n<p>CARBON PLUS HOHLKERN &#8211; TAPERLOCK<br \/>\nDie ultrahochmoduligen, leichten Carbon-Plus-Hohlkernmasten sind in 3 Gr\u00f6\u00dfen erh\u00e4ltlich: 78 \/ 85 \/ 98cm.<\/p>\n<div class=\"ast-oembed-container \" style=\"height: 100%;\"><iframe title=\"AK Tracer Hydrofoil Series - Technology | Hydrofoiling.\" width=\"500\" height=\"281\" src=\"https:\/\/www.youtube.com\/embed\/CfUDt6JNb0g?feature=oembed\" frameborder=\"0\" allow=\"accelerometer; autoplay; clipboard-write; encrypted-media; gyroscope; picture-in-picture; web-share\" referrerpolicy=\"strict-origin-when-cross-origin\" allowfullscreen><\/iframe><\/div>\n","protected":false},"excerpt":{"rendered":"<p>Das AK V3 Foil ist perfekt geeignet f\u00fcr Freeride Winging.<\/p>\n","protected":false},"featured_media":9183,"template":"","meta":{"om_disable_all_campaigns":false,"_uag_custom_page_level_css":"","_monsterinsights_skip_tracking":false,"_monsterinsights_sitenote_active":false,"_monsterinsights_sitenote_note":"","_monsterinsights_sitenote_category":0,"_uf_show_specific_survey":0,"_uf_disable_surveys":false,"site-sidebar-layout":"default","site-content-layout":"default","ast-site-content-layout":"default","site-content-style":"default","site-sidebar-style":"default","ast-global-header-display":"","ast-banner-title-visibility":"","ast-main-header-display":"","ast-hfb-above-header-display":"","ast-hfb-below-header-display":"","ast-hfb-mobile-header-display":"","site-post-title":"","ast-breadcrumbs-content":"","ast-featured-img":"","footer-sml-layout":"","ast-disable-related-posts":"","theme-transparent-header-meta":"default","adv-header-id-meta":"","stick-header-meta":"default","header-above-stick-meta":"","header-main-stick-meta":"","header-below-stick-meta":"","astra-migrate-meta-layouts":"set","ast-page-background-enabled":"default","ast-page-background-meta":{"desktop":{"background-color":"","background-image":"","background-repeat":"repeat","background-position":"center center","background-size":"auto","background-attachment":"scroll","background-type":"","background-media":"","overlay-type":"","overlay-color":"","overlay-opacity":"","overlay-gradient":""},"tablet":{"background-color":"","background-image":"","background-repeat":"repeat","background-position":"center center","background-size":"auto","background-attachment":"scroll","background-type":"","background-media":"","overlay-type":"","overlay-color":"","overlay-opacity":"","overlay-gradient":""},"mobile":{"background-color":"","background-image":"","background-repeat":"repeat","background-position":"center center","background-size":"auto","background-attachment":"scroll","background-type":"","background-media":"","overlay-type":"","overlay-color":"","overlay-opacity":"","overlay-gradient":""}},"ast-content-background-meta":{"desktop":{"background-color":"var(--ast-global-color-5)","background-image":"","background-repeat":"repeat","background-position":"center center","background-size":"auto","background-attachment":"scroll","background-type":"","background-media":"","overlay-type":"","overlay-color":"","overlay-opacity":"","overlay-gradient":""},"tablet":{"background-color":"var(--ast-global-color-5)","background-image":"","background-repeat":"repeat","background-position":"center center","background-size":"auto","background-attachment":"scroll","background-type":"","background-media":"","overlay-type":"","overlay-color":"","overlay-opacity":"","overlay-gradient":""},"mobile":{"background-color":"var(--ast-global-color-5)","background-image":"","background-repeat":"repeat","background-position":"center center","background-size":"auto","background-attachment":"scroll","background-type":"","background-media":"","overlay-type":"","overlay-color":"","overlay-opacity":"","overlay-gradient":""}}},"pwb-brand":[],"product_brand":[],"product_cat":[456],"product_tag":[669,745,889],"class_list":{"0":"post-9180","1":"product","2":"type-product","3":"status-publish","4":"has-post-thumbnail","6":"product_cat-foils","7":"product_tag-foil","8":"product_tag-set","9":"product_tag-tracer","10":"product_shipping_class-foils","11":"desktop-align-center","12":"tablet-align-left","13":"mobile-align-left","14":"ast-product-gallery-layout-horizontal-slider","15":"ast-product-single-variable","16":"ast-product-tabs-layout-horizontal","18":"first","19":"instock","20":"shipping-taxable","21":"purchasable","22":"product-type-variable"},"aioseo_notices":[],"uagb_featured_image_src":{"full":["https:\/\/wingpassion.de\/shop\/wp-content\/uploads\/2023\/11\/AK_Tracer-v3_img-01.jpg",1680,945,false],"thumbnail":["https:\/\/wingpassion.de\/shop\/wp-content\/uploads\/2023\/11\/AK_Tracer-v3_img-01-150x150.jpg",150,150,true],"medium":["https:\/\/wingpassion.de\/shop\/wp-content\/uploads\/2023\/11\/AK_Tracer-v3_img-01-300x169.jpg",300,169,true],"medium_large":["https:\/\/wingpassion.de\/shop\/wp-content\/uploads\/2023\/11\/AK_Tracer-v3_img-01-768x432.jpg",768,432,true],"large":["https:\/\/wingpassion.de\/shop\/wp-content\/uploads\/2023\/11\/AK_Tracer-v3_img-01-1024x576.jpg",1024,576,true],"1536x1536":["https:\/\/wingpassion.de\/shop\/wp-content\/uploads\/2023\/11\/AK_Tracer-v3_img-01-1536x864.jpg",1536,864,true],"2048x2048":["https:\/\/wingpassion.de\/shop\/wp-content\/uploads\/2023\/11\/AK_Tracer-v3_img-01.jpg",1680,945,false],"woocommerce_thumbnail":["https:\/\/wingpassion.de\/shop\/wp-content\/uploads\/2023\/11\/AK_Tracer-v3_img-01-450x450.jpg",450,450,true],"woocommerce_single":["https:\/\/wingpassion.de\/shop\/wp-content\/uploads\/2023\/11\/AK_Tracer-v3_img-01-600x338.jpg",600,338,true],"woocommerce_gallery_thumbnail":["https:\/\/wingpassion.de\/shop\/wp-content\/uploads\/2023\/11\/AK_Tracer-v3_img-01-100x100.jpg",100,100,true],"dgwt-wcas-product-suggestion":["https:\/\/wingpassion.de\/shop\/wp-content\/uploads\/2023\/11\/AK_Tracer-v3_img-01.jpg",64,36,false]},"uagb_author_info":{"display_name":"Berndshop","author_link":"https:\/\/wingpassion.de\/shop\/author"},"uagb_comment_info":0,"uagb_excerpt":"Das AK V3 Foil ist perfekt geeignet f\u00fcr Freeride Winging.","brands":[],"_links":{"self":[{"href":"https:\/\/wingpassion.de\/shop\/wp-json\/wp\/v2\/product\/9180","targetHints":{"allow":["GET"]}}],"collection":[{"href":"https:\/\/wingpassion.de\/shop\/wp-json\/wp\/v2\/product"}],"about":[{"href":"https:\/\/wingpassion.de\/shop\/wp-json\/wp\/v2\/types\/product"}],"version-history":[{"count":0,"href":"https:\/\/wingpassion.de\/shop\/wp-json\/wp\/v2\/product\/9180\/revisions"}],"wp:featuredmedia":[{"embeddable":true,"href":"https:\/\/wingpassion.de\/shop\/wp-json\/wp\/v2\/media\/9183"}],"wp:attachment":[{"href":"https:\/\/wingpassion.de\/shop\/wp-json\/wp\/v2\/media?parent=9180"}],"wp:term":[{"taxonomy":"pwb-brand","embeddable":true,"href":"https:\/\/wingpassion.de\/shop\/wp-json\/wp\/v2\/pwb-brand?post=9180"},{"taxonomy":"product_brand","embeddable":true,"href":"https:\/\/wingpassion.de\/shop\/wp-json\/wp\/v2\/product_brand?post=9180"},{"taxonomy":"product_cat","embeddable":true,"href":"https:\/\/wingpassion.de\/shop\/wp-json\/wp\/v2\/product_cat?post=9180"},{"taxonomy":"product_tag","embeddable":true,"href":"https:\/\/wingpassion.de\/shop\/wp-json\/wp\/v2\/product_tag?post=9180"}],"curies":[{"name":"wp","href":"https:\/\/api.w.org\/{rel}","templated":true}]}}