{"id":8179,"date":"2023-06-13T10:22:58","date_gmt":"2023-06-13T10:22:58","guid":{"rendered":"https:\/\/wingpassion.de\/shop\/\/?post_type=product&#038;p=8179"},"modified":"2026-02-02T12:14:34","modified_gmt":"2026-02-02T12:14:34","slug":"ensis-foil-bag-foiltasche","status":"publish","type":"product","link":"https:\/\/wingpassion.de\/shop\/produkt\/ensis-foil-bag-foiltasche","title":{"rendered":"Ensis Foil Bag &#8211; Foiltasche"},"content":{"rendered":"<p>Gepolsterte Tasche f\u00fcr das komplette Foil. Schick und praktisch!\u00a0Die praktische Tasche bietet F\u00e4cher f\u00fcr Frontfl\u00fcgel, Stabilizer, 2 Fuselages, Mast, Kleinteile. Au\u00dferdem ist ein Adressfenster enthalten.<\/p>\n<p>Nat\u00fcrlich auch f\u00fcr Foils von anderen Herstellern\/Marken geeignet!<\/p>\n<p>Erh\u00e4ltlich in zwei Gr\u00f6\u00dfen:<\/p>\n<ul>\n<li>Foilbag 100: 100 x 30 x 25 cm<\/li>\n<li>Foilbag 130: 130 x 30 x 25 cm<\/li>\n<\/ul>\n","protected":false},"excerpt":{"rendered":"<p>Gepolsterte Tasche f\u00fcr dein komplettes Foil-Set. Schick und praktisch!<\/p>\n","protected":false},"featured_media":8182,"template":"","meta":{"om_disable_all_campaigns":false,"_uag_custom_page_level_css":"","_monsterinsights_skip_tracking":false,"_monsterinsights_sitenote_active":false,"_monsterinsights_sitenote_note":"","_monsterinsights_sitenote_category":0,"_uf_show_specific_survey":0,"_uf_disable_surveys":false,"site-sidebar-layout":"default","site-content-layout":"default","ast-site-content-layout":"default","site-content-style":"default","site-sidebar-style":"default","ast-global-header-display":"","ast-banner-title-visibility":"","ast-main-header-display":"","ast-hfb-above-header-display":"","ast-hfb-below-header-display":"","ast-hfb-mobile-header-display":"","site-post-title":"","ast-breadcrumbs-content":"","ast-featured-img":"","footer-sml-layout":"","ast-disable-related-posts":"","theme-transparent-header-meta":"default","adv-header-id-meta":"","stick-header-meta":"default","header-above-stick-meta":"","header-main-stick-meta":"","header-below-stick-meta":"","astra-migrate-meta-layouts":"set","ast-page-background-enabled":"default","ast-page-background-meta":{"desktop":{"background-color":"","background-image":"","background-repeat":"repeat","background-position":"center center","background-size":"auto","background-attachment":"scroll","background-type":"","background-media":"","overlay-type":"","overlay-color":"","overlay-opacity":"","overlay-gradient":""},"tablet":{"background-color":"","background-image":"","background-repeat":"repeat","background-position":"center center","background-size":"auto","background-attachment":"scroll","background-type":"","background-media":"","overlay-type":"","overlay-color":"","overlay-opacity":"","overlay-gradient":""},"mobile":{"background-color":"","background-image":"","background-repeat":"repeat","background-position":"center center","background-size":"auto","background-attachment":"scroll","background-type":"","background-media":"","overlay-type":"","overlay-color":"","overlay-opacity":"","overlay-gradient":""}},"ast-content-background-meta":{"desktop":{"background-color":"var(--ast-global-color-5)","background-image":"","background-repeat":"repeat","background-position":"center center","background-size":"auto","background-attachment":"scroll","background-type":"","background-media":"","overlay-type":"","overlay-color":"","overlay-opacity":"","overlay-gradient":""},"tablet":{"background-color":"var(--ast-global-color-5)","background-image":"","background-repeat":"repeat","background-position":"center center","background-size":"auto","background-attachment":"scroll","background-type":"","background-media":"","overlay-type":"","overlay-color":"","overlay-opacity":"","overlay-gradient":""},"mobile":{"background-color":"var(--ast-global-color-5)","background-image":"","background-repeat":"repeat","background-position":"center center","background-size":"auto","background-attachment":"scroll","background-type":"","background-media":"","overlay-type":"","overlay-color":"","overlay-opacity":"","overlay-gradient":""}}},"pwb-brand":[265],"product_brand":[],"product_cat":[1063,445],"product_tag":[755,266,669,754],"class_list":{"0":"post-8179","1":"product","2":"type-product","3":"status-publish","4":"has-post-thumbnail","6":"pwb-brand-ensis","7":"product_cat-transport","8":"product_cat-zubehoer","9":"product_tag-bag","10":"product_tag-ensis","11":"product_tag-foil","12":"product_tag-tasche","13":"product_shipping_class-zubehoer","14":"desktop-align-center","15":"tablet-align-left","16":"mobile-align-left","17":"ast-product-gallery-layout-horizontal-slider","18":"ast-product-single-variable","19":"ast-product-tabs-layout-horizontal","21":"first","22":"instock","23":"shipping-taxable","24":"purchasable","25":"product-type-variable"},"aioseo_notices":[],"uagb_featured_image_src":{"full":["https:\/\/wingpassion.de\/shop\/wp-content\/uploads\/2023\/06\/ENSIS-INFINITY_Foil-Bag-3.jpg",1000,667,false],"thumbnail":["https:\/\/wingpassion.de\/shop\/wp-content\/uploads\/2023\/06\/ENSIS-INFINITY_Foil-Bag-3-150x150.jpg",150,150,true],"medium":["https:\/\/wingpassion.de\/shop\/wp-content\/uploads\/2023\/06\/ENSIS-INFINITY_Foil-Bag-3-300x200.jpg",300,200,true],"medium_large":["https:\/\/wingpassion.de\/shop\/wp-content\/uploads\/2023\/06\/ENSIS-INFINITY_Foil-Bag-3-768x512.jpg",768,512,true],"large":["https:\/\/wingpassion.de\/shop\/wp-content\/uploads\/2023\/06\/ENSIS-INFINITY_Foil-Bag-3.jpg",1000,667,false],"1536x1536":["https:\/\/wingpassion.de\/shop\/wp-content\/uploads\/2023\/06\/ENSIS-INFINITY_Foil-Bag-3.jpg",1000,667,false],"2048x2048":["https:\/\/wingpassion.de\/shop\/wp-content\/uploads\/2023\/06\/ENSIS-INFINITY_Foil-Bag-3.jpg",1000,667,false],"woocommerce_thumbnail":["https:\/\/wingpassion.de\/shop\/wp-content\/uploads\/2023\/06\/ENSIS-INFINITY_Foil-Bag-3-450x450.jpg",450,450,true],"woocommerce_single":["https:\/\/wingpassion.de\/shop\/wp-content\/uploads\/2023\/06\/ENSIS-INFINITY_Foil-Bag-3-600x400.jpg",600,400,true],"woocommerce_gallery_thumbnail":["https:\/\/wingpassion.de\/shop\/wp-content\/uploads\/2023\/06\/ENSIS-INFINITY_Foil-Bag-3-100x100.jpg",100,100,true],"dgwt-wcas-product-suggestion":["https:\/\/wingpassion.de\/shop\/wp-content\/uploads\/2023\/06\/ENSIS-INFINITY_Foil-Bag-3.jpg",64,43,false]},"uagb_author_info":{"display_name":"Gordon","author_link":"https:\/\/wingpassion.de\/shop\/author"},"uagb_comment_info":0,"uagb_excerpt":"Gepolsterte Tasche f\u00fcr dein komplettes Foil-Set. Schick und praktisch!","brands":[{"id":265,"name":"Ensis","slug":"ensis"}],"_links":{"self":[{"href":"https:\/\/wingpassion.de\/shop\/wp-json\/wp\/v2\/product\/8179","targetHints":{"allow":["GET"]}}],"collection":[{"href":"https:\/\/wingpassion.de\/shop\/wp-json\/wp\/v2\/product"}],"about":[{"href":"https:\/\/wingpassion.de\/shop\/wp-json\/wp\/v2\/types\/product"}],"version-history":[{"count":4,"href":"https:\/\/wingpassion.de\/shop\/wp-json\/wp\/v2\/product\/8179\/revisions"}],"predecessor-version":[{"id":12873,"href":"https:\/\/wingpassion.de\/shop\/wp-json\/wp\/v2\/product\/8179\/revisions\/12873"}],"wp:featuredmedia":[{"embeddable":true,"href":"https:\/\/wingpassion.de\/shop\/wp-json\/wp\/v2\/media\/8182"}],"wp:attachment":[{"href":"https:\/\/wingpassion.de\/shop\/wp-json\/wp\/v2\/media?parent=8179"}],"wp:term":[{"taxonomy":"pwb-brand","embeddable":true,"href":"https:\/\/wingpassion.de\/shop\/wp-json\/wp\/v2\/pwb-brand?post=8179"},{"taxonomy":"product_brand","embeddable":true,"href":"https:\/\/wingpassion.de\/shop\/wp-json\/wp\/v2\/product_brand?post=8179"},{"taxonomy":"product_cat","embeddable":true,"href":"https:\/\/wingpassion.de\/shop\/wp-json\/wp\/v2\/product_cat?post=8179"},{"taxonomy":"product_tag","embeddable":true,"href":"https:\/\/wingpassion.de\/shop\/wp-json\/wp\/v2\/product_tag?post=8179"}],"curies":[{"name":"wp","href":"https:\/\/api.w.org\/{rel}","templated":true}]}}