{"id":7765,"date":"2023-06-01T15:49:16","date_gmt":"2023-06-01T15:49:16","guid":{"rendered":"https:\/\/wingpassion.de\/shop\/\/?post_type=product&#038;p=7765"},"modified":"2026-02-03T18:41:23","modified_gmt":"2026-02-03T18:41:23","slug":"fly-2","status":"publish","type":"product","link":"https:\/\/wingpassion.de\/shop\/produkt\/fly-2","title":{"rendered":"VAYU Wing Board Fly"},"content":{"rendered":"<p>Das breitere Heck des Fly sorgt f\u00fcr eine un\u00fcbertroffene Beschleunigung und erleichtert Abspr\u00fcnge, w\u00e4hrend es bei Spr\u00fcngen eine fehlerverzeihende Landung erm\u00f6glicht. Sein einzigartiges Design eignet sich f\u00fcr alle Fahrf\u00e4higkeiten und Bedingungen, vom Einsteiger bis zum Freestyler, und erm\u00f6glicht es dir, deine F\u00e4higkeiten weiterzuentwickeln. Mit dem Fly findest du das perfekte Board, wenn du dich in diesem Sport weiterentwickeln und sein wahres Potenzial entdecken willst.<\/p>\n<p>Features:<\/p>\n<ul>\n<li>Flacher Boden f\u00fcr maximale Gleitf\u00e4higkeit und leichtes Abheben<\/li>\n<li>Breiteres und flacheres Heck f\u00fcr mehr Stabilit\u00e4t und maximales Gleiten<\/li>\n<li>Scharfe Hinterkante f\u00fcr besseres Abheben und hervorragendes Gleiten<\/li>\n<li>Eins\u00e4tze f\u00fcr Diagonal- oder Doppelschrauben-Fu\u00dfschlaufen<\/li>\n<li>Blockschienen f\u00fcr gute Aufsetzerholung<\/li>\n<li>Weichere Nose-Form f\u00fcr besseres Gleiten bei Freestyle-Tricks<\/li>\n<li>Konkaves Deck f\u00fcr tieferen Stand und besseres Foil-Feedback bei Man\u00f6vern<\/li>\n<\/ul>\n<p>EPOXID-KONSTRUKTION<\/p>\n<p>Leichte und dennoch haltbare Epoxid-Verbundkonstruktion. Glasfaseraufbau um einen EPS-Kern, der mit einem mehrstufigen Vakuumverfahren umwickelt ist. Die Folientrackhalterungen und Fu\u00dfstopfen sind in hochdichtem, geschlossenzelligem PVC-Schaumstoff eingebettet, mit zus\u00e4tzlichen Verst\u00e4rkungspatches in Schl\u00fcsselbereichen wie den Boxen und dem mittleren R\u00fcckgrat. Eine leichte Paulownia-Holz-Patch-Schicht im gesamten Stance-Bereich sorgt f\u00fcr h\u00f6here Schlagfestigkeit und Steifigkeit. Das Board wird mit einem handgeschliffenen, matten und hochgl\u00e4nzenden Finish geliefert.<\/p>\n<p>BOARD VENT<\/p>\n<p>Das Vent l\u00e4sst Luft in und aus dem Board str\u00f6men und verhindert das Eindringen von Wasser. Problemlos, da es werkseitig montiert ist und keine Anpassung erfordert.<\/p>\n","protected":false},"excerpt":{"rendered":"<ul>\n<li>Freeride &amp; Freestyle<\/li>\n<li>Entwickelt f\u00fcr fr\u00fches Gleiten<\/li>\n<li>Unglaublich stabil<\/li>\n<li>Langlebigkeit auf dem neuesten Stand der Technik<\/li>\n<li>Leichte Performance<\/li>\n<\/ul>\n","protected":false},"featured_media":13424,"template":"","meta":{"om_disable_all_campaigns":false,"_uag_custom_page_level_css":"","_monsterinsights_skip_tracking":false,"_monsterinsights_sitenote_active":false,"_monsterinsights_sitenote_note":"","_monsterinsights_sitenote_category":0,"_uf_show_specific_survey":0,"_uf_disable_surveys":false,"site-sidebar-layout":"default","site-content-layout":"default","ast-site-content-layout":"default","site-content-style":"default","site-sidebar-style":"default","ast-global-header-display":"","ast-banner-title-visibility":"","ast-main-header-display":"","ast-hfb-above-header-display":"","ast-hfb-below-header-display":"","ast-hfb-mobile-header-display":"","site-post-title":"","ast-breadcrumbs-content":"","ast-featured-img":"","footer-sml-layout":"","ast-disable-related-posts":"","theme-transparent-header-meta":"default","adv-header-id-meta":"","stick-header-meta":"default","header-above-stick-meta":"","header-main-stick-meta":"","header-below-stick-meta":"","astra-migrate-meta-layouts":"set","ast-page-background-enabled":"default","ast-page-background-meta":{"desktop":{"background-color":"","background-image":"","background-repeat":"repeat","background-position":"center center","background-size":"auto","background-attachment":"scroll","background-type":"","background-media":"","overlay-type":"","overlay-color":"","overlay-opacity":"","overlay-gradient":""},"tablet":{"background-color":"","background-image":"","background-repeat":"repeat","background-position":"center center","background-size":"auto","background-attachment":"scroll","background-type":"","background-media":"","overlay-type":"","overlay-color":"","overlay-opacity":"","overlay-gradient":""},"mobile":{"background-color":"","background-image":"","background-repeat":"repeat","background-position":"center center","background-size":"auto","background-attachment":"scroll","background-type":"","background-media":"","overlay-type":"","overlay-color":"","overlay-opacity":"","overlay-gradient":""}},"ast-content-background-meta":{"desktop":{"background-color":"var(--ast-global-color-5)","background-image":"","background-repeat":"repeat","background-position":"center center","background-size":"auto","background-attachment":"scroll","background-type":"","background-media":"","overlay-type":"","overlay-color":"","overlay-opacity":"","overlay-gradient":""},"tablet":{"background-color":"var(--ast-global-color-5)","background-image":"","background-repeat":"repeat","background-position":"center center","background-size":"auto","background-attachment":"scroll","background-type":"","background-media":"","overlay-type":"","overlay-color":"","overlay-opacity":"","overlay-gradient":""},"mobile":{"background-color":"var(--ast-global-color-5)","background-image":"","background-repeat":"repeat","background-position":"center center","background-size":"auto","background-attachment":"scroll","background-type":"","background-media":"","overlay-type":"","overlay-color":"","overlay-opacity":"","overlay-gradient":""}}},"pwb-brand":[444],"product_brand":[],"product_cat":[449],"product_tag":[],"class_list":{"0":"post-7765","1":"product","2":"type-product","3":"status-publish","4":"has-post-thumbnail","6":"pwb-brand-vayu","7":"product_cat-board","8":"product_shipping_class-boards","9":"desktop-align-center","10":"tablet-align-left","11":"mobile-align-left","12":"ast-product-gallery-layout-horizontal-slider","13":"ast-product-single-variable","14":"ast-product-tabs-layout-horizontal","16":"first","17":"instock","18":"shipping-taxable","19":"purchasable","20":"product-type-variable"},"aioseo_notices":[],"uagb_featured_image_src":{"full":["https:\/\/wingpassion.de\/shop\/wp-content\/uploads\/2023\/06\/fly_2.jpg",800,800,false],"thumbnail":["https:\/\/wingpassion.de\/shop\/wp-content\/uploads\/2023\/06\/fly_2-150x150.jpg",150,150,true],"medium":["https:\/\/wingpassion.de\/shop\/wp-content\/uploads\/2023\/06\/fly_2-300x300.jpg",300,300,true],"medium_large":["https:\/\/wingpassion.de\/shop\/wp-content\/uploads\/2023\/06\/fly_2-768x768.jpg",768,768,true],"large":["https:\/\/wingpassion.de\/shop\/wp-content\/uploads\/2023\/06\/fly_2.jpg",800,800,false],"1536x1536":["https:\/\/wingpassion.de\/shop\/wp-content\/uploads\/2023\/06\/fly_2.jpg",800,800,false],"2048x2048":["https:\/\/wingpassion.de\/shop\/wp-content\/uploads\/2023\/06\/fly_2.jpg",800,800,false],"woocommerce_thumbnail":["https:\/\/wingpassion.de\/shop\/wp-content\/uploads\/2023\/06\/fly_2-450x450.jpg",450,450,true],"woocommerce_single":["https:\/\/wingpassion.de\/shop\/wp-content\/uploads\/2023\/06\/fly_2-600x600.jpg",600,600,true],"woocommerce_gallery_thumbnail":["https:\/\/wingpassion.de\/shop\/wp-content\/uploads\/2023\/06\/fly_2-100x100.jpg",100,100,true],"dgwt-wcas-product-suggestion":["https:\/\/wingpassion.de\/shop\/wp-content\/uploads\/2023\/06\/fly_2-64x64.jpg",64,64,true]},"uagb_author_info":{"display_name":"Gordon","author_link":"https:\/\/wingpassion.de\/shop\/author"},"uagb_comment_info":0,"uagb_excerpt":"Freeride &amp; Freestyle Entwickelt f\u00fcr fr\u00fches Gleiten Unglaublich stabil Langlebigkeit auf dem neuesten Stand der Technik Leichte Performance","brands":[{"id":444,"name":"Vayu","slug":"vayu"}],"_links":{"self":[{"href":"https:\/\/wingpassion.de\/shop\/wp-json\/wp\/v2\/product\/7765","targetHints":{"allow":["GET"]}}],"collection":[{"href":"https:\/\/wingpassion.de\/shop\/wp-json\/wp\/v2\/product"}],"about":[{"href":"https:\/\/wingpassion.de\/shop\/wp-json\/wp\/v2\/types\/product"}],"version-history":[{"count":2,"href":"https:\/\/wingpassion.de\/shop\/wp-json\/wp\/v2\/product\/7765\/revisions"}],"predecessor-version":[{"id":13429,"href":"https:\/\/wingpassion.de\/shop\/wp-json\/wp\/v2\/product\/7765\/revisions\/13429"}],"wp:featuredmedia":[{"embeddable":true,"href":"https:\/\/wingpassion.de\/shop\/wp-json\/wp\/v2\/media\/13424"}],"wp:attachment":[{"href":"https:\/\/wingpassion.de\/shop\/wp-json\/wp\/v2\/media?parent=7765"}],"wp:term":[{"taxonomy":"pwb-brand","embeddable":true,"href":"https:\/\/wingpassion.de\/shop\/wp-json\/wp\/v2\/pwb-brand?post=7765"},{"taxonomy":"product_brand","embeddable":true,"href":"https:\/\/wingpassion.de\/shop\/wp-json\/wp\/v2\/product_brand?post=7765"},{"taxonomy":"product_cat","embeddable":true,"href":"https:\/\/wingpassion.de\/shop\/wp-json\/wp\/v2\/product_cat?post=7765"},{"taxonomy":"product_tag","embeddable":true,"href":"https:\/\/wingpassion.de\/shop\/wp-json\/wp\/v2\/product_tag?post=7765"}],"curies":[{"name":"wp","href":"https:\/\/api.w.org\/{rel}","templated":true}]}}