{"id":7033,"date":"2022-04-05T16:06:27","date_gmt":"2022-04-05T16:06:27","guid":{"rendered":"https:\/\/wingpassion.de\/?post_type=product&#038;p=7033"},"modified":"2026-02-03T12:19:20","modified_gmt":"2026-02-03T12:19:20","slug":"buch-wingsurfen-wingfoilen-von-den-anfaengen-bis-zum-ersten-sprungmanoever","status":"publish","type":"product","link":"https:\/\/wingpassion.de\/shop\/produkt\/buch-wingsurfen-wingfoilen-von-den-anfaengen-bis-zum-ersten-sprungmanoever","title":{"rendered":"Buch &#8211; Wingsurfen &#038; Wingfoilen: Von den Anf\u00e4ngen bis zum ersten Sprungman\u00f6ver"},"content":{"rendered":"<p><strong>Das Standardwerk zur neuen Trendsportart<\/strong><\/p>\n<p>Das Wingsurfen- auch bekannt als Wingfoilen- hat sich im Wassersport als neue Sportart herausgebildet. Mit einem Surfbrett- optional einem Foil und einem Wing- \u00e4hnlich einem Kiteschirm- kombiniert der neue Boardsport Windsurfen und Kitesurfen miteinander. Gordon Eckardt- Bernd Matheis und Swen de Graaf teilen mit dem Wingen eine gro\u00dfe Leidenschaft. Um auch andere zu begeistern- erstellten sie die Website wingpassion.de. Ihr allumfassendes Standardwerk ist daraus hervorgegangen und richtet sich sowohl an Einsteiger und Fortgeschrittene als auch an Surfschulen und deckt alle wichtigen Themen rund ums Wingfoilen ab: Von Material&#8211; Revier- und Wetterkunde \u00fcber Vorfahrtsregeln bis hin zu ersten Fahrversuchen- Man\u00f6vern und Tricks.<\/p>\n<p>&#8211; F\u00fcr Einsteiger und Fortgeschrittene<br \/>\n&#8211; Das Standardwerk zum neuen Trendsport: Wingsurfen<br \/>\n&#8211; Einfach erkl\u00e4rt- gut bebildert und mit Lernvideos untermauert<br \/>\n&#8211; Von der deutschen Wing Foil Vereinigung zertifiziert<\/p>\n<p><strong>Surfen- Foilen- Fliegen<\/strong><\/p>\n<p>Verst\u00e4ndliche Erkl\u00e4rungen- zahlreiche Bilder und hilfreiche Lernvideos machen dieses Buch zu einem unverzichtbaren Wegbegleiter f\u00fcr alle- die sich intensiv mit dieser neuen Sportart auseinandersetzen wollen.<\/p>\n<p>Das Buch enth\u00e4lt 239 Seiten mit 525 Fotos \u00a0und ist im Delius Klasing Verlag erschienen.<\/p>\n<ul>\n<li class=\"dk-detail-auflage\"><span class=\"dk-dt\">Auflage:<\/span> <span class=\"dk-dd\">1. Auflage 2022<\/span><\/li>\n<li class=\"dk-detail-verlag\"><span class=\"dk-dt\">Verlag:<\/span> <span class=\"dk-dd\">Delius Klasing<\/span><\/li>\n<li class=\"dk-detail-format\"><span class=\"dk-dt\">Ausstattung:<\/span> <span class=\"dk-dd\">flexibel gebunden<\/span><\/li>\n<li class=\"dk-detail-isbn\"><span class=\"dk-dt\">ISBN:<\/span> <span class=\"dk-dd\">978-3-667-12374-9<\/span><\/li>\n<li class=\"dk-detail-seiten\"><span class=\"dk-dt\">Seiten:<\/span> <span class=\"dk-dd\">239<\/span><\/li>\n<li class=\"dk-detail-size\"><span class=\"dk-dt\">Format:<\/span> <span class=\"dk-dd\">21.8 x 21.6 cm<\/span><\/li>\n<li class=\"dk-detail-pictures\"><span class=\"dk-dt\">Fotos und Abbildungen:<\/span> <span class=\"dk-dd\">525<\/span><\/li>\n<\/ul>\n","protected":false},"excerpt":{"rendered":"<p>Unser Buch zum Wingsurfen und Wingfoilen enth\u00e4lt verst\u00e4ndliche Erkl\u00e4rungen sowie zahlreiche Bilder und hilfreiche Lernvideos. Hier kannst du es bestellen.<\/p>\n","protected":false},"featured_media":7275,"template":"","meta":{"om_disable_all_campaigns":false,"_uag_custom_page_level_css":"","_monsterinsights_skip_tracking":false,"_monsterinsights_sitenote_active":false,"_monsterinsights_sitenote_note":"","_monsterinsights_sitenote_category":0,"_uf_show_specific_survey":0,"_uf_disable_surveys":false,"site-sidebar-layout":"default","site-content-layout":"default","ast-site-content-layout":"default","site-content-style":"default","site-sidebar-style":"default","ast-global-header-display":"","ast-banner-title-visibility":"","ast-main-header-display":"","ast-hfb-above-header-display":"","ast-hfb-below-header-display":"","ast-hfb-mobile-header-display":"","site-post-title":"","ast-breadcrumbs-content":"","ast-featured-img":"","footer-sml-layout":"","ast-disable-related-posts":"","theme-transparent-header-meta":"default","adv-header-id-meta":"","stick-header-meta":"","header-above-stick-meta":"","header-main-stick-meta":"","header-below-stick-meta":"","astra-migrate-meta-layouts":"default","ast-page-background-enabled":"default","ast-page-background-meta":{"desktop":{"background-color":"","background-image":"","background-repeat":"repeat","background-position":"center center","background-size":"auto","background-attachment":"scroll","background-type":"","background-media":"","overlay-type":"","overlay-color":"","overlay-opacity":"","overlay-gradient":""},"tablet":{"background-color":"","background-image":"","background-repeat":"repeat","background-position":"center center","background-size":"auto","background-attachment":"scroll","background-type":"","background-media":"","overlay-type":"","overlay-color":"","overlay-opacity":"","overlay-gradient":""},"mobile":{"background-color":"","background-image":"","background-repeat":"repeat","background-position":"center center","background-size":"auto","background-attachment":"scroll","background-type":"","background-media":"","overlay-type":"","overlay-color":"","overlay-opacity":"","overlay-gradient":""}},"ast-content-background-meta":{"desktop":{"background-color":"var(--ast-global-color-5)","background-image":"","background-repeat":"repeat","background-position":"center center","background-size":"auto","background-attachment":"scroll","background-type":"","background-media":"","overlay-type":"","overlay-color":"","overlay-opacity":"","overlay-gradient":""},"tablet":{"background-color":"var(--ast-global-color-5)","background-image":"","background-repeat":"repeat","background-position":"center center","background-size":"auto","background-attachment":"scroll","background-type":"","background-media":"","overlay-type":"","overlay-color":"","overlay-opacity":"","overlay-gradient":""},"mobile":{"background-color":"var(--ast-global-color-5)","background-image":"","background-repeat":"repeat","background-position":"center center","background-size":"auto","background-attachment":"scroll","background-type":"","background-media":"","overlay-type":"","overlay-color":"","overlay-opacity":"","overlay-gradient":""}}},"pwb-brand":[495],"product_brand":[],"product_cat":[1065,109],"product_tag":[493],"class_list":{"0":"post-7033","1":"product","2":"type-product","3":"status-publish","4":"has-post-thumbnail","6":"pwb-brand-wingpassion","7":"product_cat-originals","8":"product_cat-buch","9":"product_tag-buch-kurs-lernen-wingfoilen-wingsurfen","10":"product_shipping_class-buch","11":"desktop-align-center","12":"tablet-align-left","13":"mobile-align-left","14":"ast-product-gallery-layout-horizontal-slider","15":"ast-product-gallery-with-no-image","16":"ast-product-tabs-layout-horizontal","18":"first","19":"instock","20":"featured","21":"shipping-taxable","22":"purchasable","23":"product-type-simple"},"aioseo_notices":[],"uagb_featured_image_src":{"full":["https:\/\/wingpassion.de\/shop\/wp-content\/uploads\/2022\/04\/Eckardt-Matheis-de-Graaf-Wingsurfen-und-Wingfoilen-Von-den-Anfaengen-bis-um-ersten-Sprungmanoever_3D.jpg",1000,955,false],"thumbnail":["https:\/\/wingpassion.de\/shop\/wp-content\/uploads\/2022\/04\/Eckardt-Matheis-de-Graaf-Wingsurfen-und-Wingfoilen-Von-den-Anfaengen-bis-um-ersten-Sprungmanoever_3D-150x150.jpg",150,150,true],"medium":["https:\/\/wingpassion.de\/shop\/wp-content\/uploads\/2022\/04\/Eckardt-Matheis-de-Graaf-Wingsurfen-und-Wingfoilen-Von-den-Anfaengen-bis-um-ersten-Sprungmanoever_3D-300x287.jpg",300,287,true],"medium_large":["https:\/\/wingpassion.de\/shop\/wp-content\/uploads\/2022\/04\/Eckardt-Matheis-de-Graaf-Wingsurfen-und-Wingfoilen-Von-den-Anfaengen-bis-um-ersten-Sprungmanoever_3D-768x733.jpg",768,733,true],"large":["https:\/\/wingpassion.de\/shop\/wp-content\/uploads\/2022\/04\/Eckardt-Matheis-de-Graaf-Wingsurfen-und-Wingfoilen-Von-den-Anfaengen-bis-um-ersten-Sprungmanoever_3D.jpg",1000,955,false],"1536x1536":["https:\/\/wingpassion.de\/shop\/wp-content\/uploads\/2022\/04\/Eckardt-Matheis-de-Graaf-Wingsurfen-und-Wingfoilen-Von-den-Anfaengen-bis-um-ersten-Sprungmanoever_3D.jpg",1000,955,false],"2048x2048":["https:\/\/wingpassion.de\/shop\/wp-content\/uploads\/2022\/04\/Eckardt-Matheis-de-Graaf-Wingsurfen-und-Wingfoilen-Von-den-Anfaengen-bis-um-ersten-Sprungmanoever_3D.jpg",1000,955,false],"woocommerce_thumbnail":["https:\/\/wingpassion.de\/shop\/wp-content\/uploads\/2022\/04\/Eckardt-Matheis-de-Graaf-Wingsurfen-und-Wingfoilen-Von-den-Anfaengen-bis-um-ersten-Sprungmanoever_3D-450x450.jpg",450,450,true],"woocommerce_single":["https:\/\/wingpassion.de\/shop\/wp-content\/uploads\/2022\/04\/Eckardt-Matheis-de-Graaf-Wingsurfen-und-Wingfoilen-Von-den-Anfaengen-bis-um-ersten-Sprungmanoever_3D-600x573.jpg",600,573,true],"woocommerce_gallery_thumbnail":["https:\/\/wingpassion.de\/shop\/wp-content\/uploads\/2022\/04\/Eckardt-Matheis-de-Graaf-Wingsurfen-und-Wingfoilen-Von-den-Anfaengen-bis-um-ersten-Sprungmanoever_3D-100x100.jpg",100,100,true],"dgwt-wcas-product-suggestion":["https:\/\/wingpassion.de\/shop\/wp-content\/uploads\/2022\/04\/Eckardt-Matheis-de-Graaf-Wingsurfen-und-Wingfoilen-Von-den-Anfaengen-bis-um-ersten-Sprungmanoever_3D.jpg",64,61,false]},"uagb_author_info":{"display_name":"Gordon","author_link":"https:\/\/wingpassion.de\/shop\/author"},"uagb_comment_info":0,"uagb_excerpt":"Unser Buch zum Wingsurfen und Wingfoilen enth\u00e4lt verst\u00e4ndliche Erkl\u00e4rungen sowie zahlreiche Bilder und hilfreiche Lernvideos. Hier kannst du es bestellen.","brands":[{"id":495,"name":"Wingpassion","slug":"wingpassion"}],"_links":{"self":[{"href":"https:\/\/wingpassion.de\/shop\/wp-json\/wp\/v2\/product\/7033","targetHints":{"allow":["GET"]}}],"collection":[{"href":"https:\/\/wingpassion.de\/shop\/wp-json\/wp\/v2\/product"}],"about":[{"href":"https:\/\/wingpassion.de\/shop\/wp-json\/wp\/v2\/types\/product"}],"version-history":[{"count":1,"href":"https:\/\/wingpassion.de\/shop\/wp-json\/wp\/v2\/product\/7033\/revisions"}],"predecessor-version":[{"id":11866,"href":"https:\/\/wingpassion.de\/shop\/wp-json\/wp\/v2\/product\/7033\/revisions\/11866"}],"wp:featuredmedia":[{"embeddable":true,"href":"https:\/\/wingpassion.de\/shop\/wp-json\/wp\/v2\/media\/7275"}],"wp:attachment":[{"href":"https:\/\/wingpassion.de\/shop\/wp-json\/wp\/v2\/media?parent=7033"}],"wp:term":[{"taxonomy":"pwb-brand","embeddable":true,"href":"https:\/\/wingpassion.de\/shop\/wp-json\/wp\/v2\/pwb-brand?post=7033"},{"taxonomy":"product_brand","embeddable":true,"href":"https:\/\/wingpassion.de\/shop\/wp-json\/wp\/v2\/product_brand?post=7033"},{"taxonomy":"product_cat","embeddable":true,"href":"https:\/\/wingpassion.de\/shop\/wp-json\/wp\/v2\/product_cat?post=7033"},{"taxonomy":"product_tag","embeddable":true,"href":"https:\/\/wingpassion.de\/shop\/wp-json\/wp\/v2\/product_tag?post=7033"}],"curies":[{"name":"wp","href":"https:\/\/api.w.org\/{rel}","templated":true}]}}