{"id":11961,"date":"2026-01-30T12:57:17","date_gmt":"2026-01-30T12:57:17","guid":{"rendered":"https:\/\/wingpassion.de\/shop\/?post_type=product&#038;p=11961"},"modified":"2026-02-03T17:54:11","modified_gmt":"2026-02-03T17:54:11","slug":"naish-adx","status":"publish","type":"product","link":"https:\/\/wingpassion.de\/shop\/produkt\/naish-adx","title":{"rendered":"NAISH ADX Wing 2026 \u2013 All-Round Performance Wing"},"content":{"rendered":"<h3><b>Naish ADX 2026 Wing \u2013 Dein vielseitiger All-Round Performance Wing<\/b><\/h3>\n<p class=\"p3\">Der <span class=\"s2\"><b>Naish ADX 2026 Wing<\/b><\/span> wurde entwickelt, um dich <span class=\"s2\"><b>Sitzung f\u00fcr Sitzung aufs Wasser zu bringen<\/b><\/span> \u2013 zuverl\u00e4ssig, komfortabel und mit Freude beim Fliegen. Er ist der <span class=\"s2\"><b>All-Round-Wing f\u00fcr jeden, der einen vielseitigen, handlichen und leistungsf\u00e4higen Wing sucht<\/b><\/span>, egal ob du cruisen, carven oder einfach nur deine Zeit auf dem Wasser genie\u00dfen willst.<span class=\"Apple-converted-space\">\u00a0 <\/span><\/p>\n<h3><b>Harmonische Power &amp; intuitives Handling<\/b><\/h3>\n<p class=\"p3\">Dank ausgeglichener Konstruktion bietet der ADX einen <span class=\"s2\"><b>gleichm\u00e4\u00dfigen Antrieb und m\u00fcheloses Handling<\/b><\/span> in allen Bedingungen. Beim fr\u00fchzeitigen Angleiten zeigt er starke Low-End-Power und reagiert <span class=\"s2\"><b>ohne Kraftaufwand<\/b><\/span>, w\u00e4hrend er bei \u00dcberg\u00e4ngen ruhig bleibt \u2013 <span class=\"s2\"><b>ideal f\u00fcr Anf\u00e4nger und fortgeschrittene Rider gleicherma\u00dfen<\/b><\/span>.<span class=\"Apple-converted-space\">\u00a0 <\/span><\/p>\n<p class=\"p3\">Er beschleunigt sanft, vermittelt ein <span class=\"s2\"><b>direktes, kalkulierbares Gef\u00fchl in der Hand<\/b><\/span> und l\u00e4sst dich selbst in kabbeligen oder b\u00f6igen Windfenstern gelassen fahren.<span class=\"Apple-converted-space\">\u00a0 <\/span><\/p>\n<h3><b>Stabilit\u00e4t &amp; Vielseitigkeit f\u00fcr jede Session<\/b><\/h3>\n<p class=\"p3\">Der ADX ist bekannt f\u00fcr seine <span class=\"s2\"><b>ruhige Kontrolle und Stabilit\u00e4t<\/b><\/span>, selbst bei starkem Wind, schnellen Cruising-Runs oder Wellen-Man\u00f6vern. Sein rundes, ausgewogenes Leistungsprofil macht ihn zu einem <span class=\"s2\"><b>echten All-Rounder<\/b><\/span>, der dir hilft, das Beste aus jedem Spot herauszuholen.<span class=\"Apple-converted-space\">\u00a0 <\/span><\/p>\n<h3><b>Ready to Ride \u2013 ohne Boom &amp; Griffe<\/b><\/h3>\n<p class=\"p3\">Der ADX wird <span class=\"s2\"><b>ohne Boom und Griffe geliefert<\/b><\/span>, sodass du dein eigenes Setup individuell zusammenstellen kannst \u2013 ideal f\u00fcr Rider, die bereits Booms\/Handles besitzen oder ein personalisiertes Handling w\u00fcnschen.<\/p>\n<div>\n<h2>Spezifikationen<\/h2>\n<\/div>\n<div class=\"table-wrapper\">\n<table id=\"product-table\">\n<thead>\n<tr>\n<th>Size<\/th>\n<th data-field=\"aspect_ratio\">Aspect ratio<\/th>\n<th data-field=\"handles\">Handles<\/th>\n<th data-field=\"strut-length-m\">Strut length m<\/th>\n<th data-field=\"wingspan-m\">Wingspan m<\/th>\n<\/tr>\n<\/thead>\n<tbody>\n<tr>\n<td><strong>3<\/strong><\/td>\n<td data-field=\"aspect_ratio\">2.72<\/td>\n<td data-field=\"handles\">Interchangable boom or handles (sold separately)<\/td>\n<td data-field=\"strut-length-m\">1.55<\/td>\n<td data-field=\"wingspan-m\">2.86<\/td>\n<\/tr>\n<tr>\n<td><strong>3.5<\/strong><\/td>\n<td data-field=\"aspect_ratio\">2.79<\/td>\n<td data-field=\"handles\">Interchangable boom or handles (sold separately)<\/td>\n<td data-field=\"strut-length-m\">1.66<\/td>\n<td data-field=\"wingspan-m\">3.14<\/td>\n<\/tr>\n<tr>\n<td><strong>4<\/strong><\/td>\n<td data-field=\"aspect_ratio\">2.72<\/td>\n<td data-field=\"handles\">Interchangable boom or handles (sold separately)<\/td>\n<td data-field=\"strut-length-m\">1.78<\/td>\n<td data-field=\"wingspan-m\">3.29<\/td>\n<\/tr>\n<tr>\n<td><strong>4.5<\/strong><\/td>\n<td data-field=\"aspect_ratio\">2.75<\/td>\n<td data-field=\"handles\">Interchangable boom or handles (sold separately)<\/td>\n<td data-field=\"strut-length-m\">1.92<\/td>\n<td data-field=\"wingspan-m\">3.49<\/td>\n<\/tr>\n<tr>\n<td><strong>5.5<\/strong><\/td>\n<td data-field=\"aspect_ratio\">2.76<\/td>\n<td data-field=\"handles\">Interchangable boom or handles (sold separately)<\/td>\n<td data-field=\"strut-length-m\">2.07<\/td>\n<td data-field=\"wingspan-m\">3.84<\/td>\n<\/tr>\n<tr>\n<td><strong>6<\/strong><\/td>\n<td data-field=\"aspect_ratio\">2.65<\/td>\n<td data-field=\"handles\">Interchangable boom or handles (sold separately)<\/td>\n<td data-field=\"strut-length-m\">2.2<\/td>\n<td data-field=\"wingspan-m\">3.94<\/td>\n<\/tr>\n<tr>\n<td><strong>6.5<\/strong><\/td>\n<td data-field=\"aspect_ratio\">2.54<\/td>\n<td data-field=\"handles\">Interchangable boom or handles (sold separately)<\/td>\n<td data-field=\"strut-length-m\">2.33<\/td>\n<td data-field=\"wingspan-m\">4.0<\/td>\n<\/tr>\n<tr>\n<td><strong>7<\/strong><\/td>\n<td data-field=\"aspect_ratio\">2.44<\/td>\n<td data-field=\"handles\">Interchangable boom or handles (sold separately)<\/td>\n<td data-field=\"strut-length-m\">2.42<\/td>\n<td data-field=\"wingspan-m\">4.08<\/td>\n<\/tr>\n<\/tbody>\n<\/table>\n<\/div>\n<div id=\"hidden-columns\"><\/div>\n","protected":false},"excerpt":{"rendered":"<p class=\"p1\">Der <span class=\"s1\"><b>Naish ADX 2026 Wing<\/b><\/span> ist ein vielseitiger All-Round Performance-Wing, der sich f\u00fcr <span class=\"s1\"><b>Cruising, Downwind, Flachwasser und Wellen<\/b><\/span> eignet. Er liefert <span class=\"s1\"><b>gleichm\u00e4\u00dfige Power, fr\u00fches Angleiten und ruhiges Handling<\/b><\/span>, bleibt stabil in B\u00f6en und reagiert direkt auf Inputs \u2013 ideal f\u00fcr Rider aller Level.<\/p>\n<p class=\"p2\"><b>Geliefert ohne Boom und Griffe.<\/b><span class=\"s2\"><span class=\"Apple-converted-space\">\u00a0 <\/span><\/span><\/p>\n<p class=\"p2\"><b>Highlights:<\/b><b><\/b><\/p>\n<ul>\n<li>\n<p class=\"p1\">All-Round Performance f\u00fcr jedes Level<\/p>\n<\/li>\n<li>\n<p class=\"p1\">Fr\u00fches Angleiten &amp; explosive Beschleunigung<\/p>\n<\/li>\n<li>\n<p class=\"p1\">Stabil und kontrolliert selbst in chaotischen Bedingungen<\/p>\n<\/li>\n<li>\n<p class=\"p1\">Effizienter Kraftverlauf f\u00fcr Progression<\/p>\n<\/li>\n<li>\n<p class=\"p1\">Geliefert ohne Boom &amp; Griffe<\/p>\n<\/li>\n<\/ul>\n","protected":false},"featured_media":12013,"template":"","meta":{"om_disable_all_campaigns":false,"_uag_custom_page_level_css":"","_monsterinsights_skip_tracking":false,"_monsterinsights_sitenote_active":false,"_monsterinsights_sitenote_note":"","_monsterinsights_sitenote_category":0,"_uf_show_specific_survey":0,"_uf_disable_surveys":false,"site-sidebar-layout":"default","site-content-layout":"","ast-site-content-layout":"default","site-content-style":"default","site-sidebar-style":"default","ast-global-header-display":"","ast-banner-title-visibility":"","ast-main-header-display":"","ast-hfb-above-header-display":"","ast-hfb-below-header-display":"","ast-hfb-mobile-header-display":"","site-post-title":"","ast-breadcrumbs-content":"","ast-featured-img":"","footer-sml-layout":"","ast-disable-related-posts":"","theme-transparent-header-meta":"default","adv-header-id-meta":"","stick-header-meta":"default","header-above-stick-meta":"","header-main-stick-meta":"","header-below-stick-meta":"","astra-migrate-meta-layouts":"set","ast-page-background-enabled":"default","ast-page-background-meta":{"desktop":{"background-color":"","background-image":"","background-repeat":"repeat","background-position":"center center","background-size":"auto","background-attachment":"scroll","background-type":"","background-media":"","overlay-type":"","overlay-color":"","overlay-opacity":"","overlay-gradient":""},"tablet":{"background-color":"","background-image":"","background-repeat":"repeat","background-position":"center center","background-size":"auto","background-attachment":"scroll","background-type":"","background-media":"","overlay-type":"","overlay-color":"","overlay-opacity":"","overlay-gradient":""},"mobile":{"background-color":"","background-image":"","background-repeat":"repeat","background-position":"center center","background-size":"auto","background-attachment":"scroll","background-type":"","background-media":"","overlay-type":"","overlay-color":"","overlay-opacity":"","overlay-gradient":""}},"ast-content-background-meta":{"desktop":{"background-color":"var(--ast-global-color-5)","background-image":"","background-repeat":"repeat","background-position":"center center","background-size":"auto","background-attachment":"scroll","background-type":"","background-media":"","overlay-type":"","overlay-color":"","overlay-opacity":"","overlay-gradient":""},"tablet":{"background-color":"var(--ast-global-color-5)","background-image":"","background-repeat":"repeat","background-position":"center center","background-size":"auto","background-attachment":"scroll","background-type":"","background-media":"","overlay-type":"","overlay-color":"","overlay-opacity":"","overlay-gradient":""},"mobile":{"background-color":"var(--ast-global-color-5)","background-image":"","background-repeat":"repeat","background-position":"center center","background-size":"auto","background-attachment":"scroll","background-type":"","background-media":"","overlay-type":"","overlay-color":"","overlay-opacity":"","overlay-gradient":""}}},"pwb-brand":[124],"product_brand":[],"product_cat":[1046,1034,1035,467],"product_tag":[838,123,129],"class_list":{"0":"post-11961","1":"product","2":"type-product","3":"status-publish","4":"has-post-thumbnail","6":"pwb-brand-naish","7":"product_cat-allround","8":"product_cat-einsteiger","9":"product_cat-freeride","10":"product_cat-wing","11":"product_tag-adx","12":"product_tag-naish","13":"product_tag-wing","14":"desktop-align-center","15":"tablet-align-left","16":"mobile-align-left","17":"ast-product-gallery-layout-horizontal-slider","18":"ast-product-single-variable","19":"ast-product-tabs-layout-horizontal","21":"first","22":"instock","23":"shipping-taxable","24":"purchasable","25":"product-type-variable"},"aioseo_notices":[],"uagb_featured_image_src":{"full":["https:\/\/wingpassion.de\/shop\/wp-content\/uploads\/2026\/01\/515.68300.010_12.jpg",700,700,false],"thumbnail":["https:\/\/wingpassion.de\/shop\/wp-content\/uploads\/2026\/01\/515.68300.010_12-150x150.jpg",150,150,true],"medium":["https:\/\/wingpassion.de\/shop\/wp-content\/uploads\/2026\/01\/515.68300.010_12-300x300.jpg",300,300,true],"medium_large":["https:\/\/wingpassion.de\/shop\/wp-content\/uploads\/2026\/01\/515.68300.010_12.jpg",700,700,false],"large":["https:\/\/wingpassion.de\/shop\/wp-content\/uploads\/2026\/01\/515.68300.010_12.jpg",700,700,false],"1536x1536":["https:\/\/wingpassion.de\/shop\/wp-content\/uploads\/2026\/01\/515.68300.010_12.jpg",700,700,false],"2048x2048":["https:\/\/wingpassion.de\/shop\/wp-content\/uploads\/2026\/01\/515.68300.010_12.jpg",700,700,false],"woocommerce_thumbnail":["https:\/\/wingpassion.de\/shop\/wp-content\/uploads\/2026\/01\/515.68300.010_12-450x450.jpg",450,450,true],"woocommerce_single":["https:\/\/wingpassion.de\/shop\/wp-content\/uploads\/2026\/01\/515.68300.010_12-600x600.jpg",600,600,true],"woocommerce_gallery_thumbnail":["https:\/\/wingpassion.de\/shop\/wp-content\/uploads\/2026\/01\/515.68300.010_12-100x100.jpg",100,100,true],"dgwt-wcas-product-suggestion":["https:\/\/wingpassion.de\/shop\/wp-content\/uploads\/2026\/01\/515.68300.010_12.jpg",64,64,false]},"uagb_author_info":{"display_name":"Berndshop","author_link":"https:\/\/wingpassion.de\/shop\/author"},"uagb_comment_info":0,"uagb_excerpt":"Der Naish ADX 2026 Wing ist ein vielseitiger All-Round Performance-Wing, der sich f\u00fcr Cruising, Downwind, Flachwasser und Wellen eignet. Er liefert gleichm\u00e4\u00dfige Power, fr\u00fches Angleiten und ruhiges Handling, bleibt stabil in B\u00f6en und reagiert direkt auf Inputs \u2013 ideal f\u00fcr Rider aller Level. Geliefert ohne Boom und Griffe.\u00a0 Highlights: All-Round Performance f\u00fcr jedes Level Fr\u00fches&hellip;","brands":[{"id":124,"name":"Naish","slug":"naish"}],"_links":{"self":[{"href":"https:\/\/wingpassion.de\/shop\/wp-json\/wp\/v2\/product\/11961","targetHints":{"allow":["GET"]}}],"collection":[{"href":"https:\/\/wingpassion.de\/shop\/wp-json\/wp\/v2\/product"}],"about":[{"href":"https:\/\/wingpassion.de\/shop\/wp-json\/wp\/v2\/types\/product"}],"version-history":[{"count":12,"href":"https:\/\/wingpassion.de\/shop\/wp-json\/wp\/v2\/product\/11961\/revisions"}],"predecessor-version":[{"id":12827,"href":"https:\/\/wingpassion.de\/shop\/wp-json\/wp\/v2\/product\/11961\/revisions\/12827"}],"wp:featuredmedia":[{"embeddable":true,"href":"https:\/\/wingpassion.de\/shop\/wp-json\/wp\/v2\/media\/12013"}],"wp:attachment":[{"href":"https:\/\/wingpassion.de\/shop\/wp-json\/wp\/v2\/media?parent=11961"}],"wp:term":[{"taxonomy":"pwb-brand","embeddable":true,"href":"https:\/\/wingpassion.de\/shop\/wp-json\/wp\/v2\/pwb-brand?post=11961"},{"taxonomy":"product_brand","embeddable":true,"href":"https:\/\/wingpassion.de\/shop\/wp-json\/wp\/v2\/product_brand?post=11961"},{"taxonomy":"product_cat","embeddable":true,"href":"https:\/\/wingpassion.de\/shop\/wp-json\/wp\/v2\/product_cat?post=11961"},{"taxonomy":"product_tag","embeddable":true,"href":"https:\/\/wingpassion.de\/shop\/wp-json\/wp\/v2\/product_tag?post=11961"}],"curies":[{"name":"wp","href":"https:\/\/api.w.org\/{rel}","templated":true}]}}