{"id":11838,"date":"2026-01-30T11:38:24","date_gmt":"2026-01-30T11:38:24","guid":{"rendered":"https:\/\/wingpassion.de\/shop\/?post_type=product&#038;p=11838"},"modified":"2026-02-04T16:49:49","modified_gmt":"2026-02-04T16:49:49","slug":"naish-2026-chimera","status":"publish","type":"product","link":"https:\/\/wingpassion.de\/shop\/produkt\/naish-2026-chimera","title":{"rendered":"Naish Chimera 2026 Wingboard \u2013 All-Round Foilboard"},"content":{"rendered":"<h3><b>Naish Chimera 2026 \u2013 Pure Foil-Freiheit f\u00fcr alle Sessions<\/b><\/h3>\n<p class=\"p3\">Der <span class=\"s2\"><b>Naish Chimera 2026 Wingboard<\/b><\/span> ist konzipiert als <span class=\"s2\"><b>\u201eQuiver Killer\u201c<\/b><\/span>: ein All-Round-Foilboard, das in zahlreichen Disziplinen \u00fcberzeugt \u2013 Wingfoiling, Surf-Foiling, Downwind- oder Tow-Foiling. Egal, was du vorhast, das Chimera ist bereit und liefert kompromisslose Performance.<span class=\"Apple-converted-space\">\u00a0 <\/span><\/p>\n<h3><b>Vielseitigkeit ohne Kompromisse<\/b><\/h3>\n<p class=\"p3\">Mit einer <span class=\"s2\"><b>kompakten, durchdachten Form<\/b><\/span>, einem <span class=\"s2\"><b>zweistufigen Rocker<\/b><\/span> und einer <span class=\"s2\"><b>schmalen Outline<\/b><\/span> ist das Chimera so ausgelegt, dass es fr\u00fch hebt, stabil im Wasser l\u00e4uft und auch bei Turns und Touchdowns zuverl\u00e4ssig balanciert bleibt. Sein geringes Schwunggewicht macht es besonders reaktiv auf dem Foil und vermittelt ein lebendiges, <i>surfinspiriertes Fahrgef\u00fchl<\/i>.<span class=\"Apple-converted-space\">\u00a0 <\/span><\/p>\n<h3><b>Effizientes Handling &amp; Performance<\/b><\/h3>\n<ul>\n<li>\n<p class=\"p1\"><span class=\"s1\"><b>Fr\u00fches Angleiten:<\/b><\/span> Durch ausgekl\u00fcgelte Wasserlinien-Form hebt das Board schnell beim Foilen ab.<span class=\"Apple-converted-space\">\u00a0 <\/span><\/p>\n<\/li>\n<li>\n<p class=\"p1\"><span class=\"s1\"><b>Stabile Kontrolle:<\/b><\/span> Die zentrale Foilbox sorgt f\u00fcr ausgewogene Balance bei allen Geschwindigkeiten.<span class=\"Apple-converted-space\">\u00a0 <\/span><\/p>\n<\/li>\n<li>\n<p class=\"p1\"><span class=\"s1\"><b>Smooth Touchdowns:<\/b><\/span> Die Form des Boards erm\u00f6glicht saubere Landungen und schnelle Recovery-Man\u00f6ver.<span class=\"Apple-converted-space\">\u00a0 <\/span><\/p>\n<\/li>\n<li>\n<p class=\"p1\"><span class=\"s1\"><b>Vielseitige Nutzung:<\/b><\/span> Perfekt f\u00fcr leichtem Wind, sauberen Swell oder kabbelige Bedingungen \u2013 ein Board f\u00fcr alles.<span class=\"Apple-converted-space\">\u00a0 <\/span><\/p>\n<\/li>\n<\/ul>\n<h3><b>Design f\u00fcr Crossover-Rider<\/b><\/h3>\n<p class=\"p3\">Das Chimera richtet sich an Rider, die nicht f\u00fcnf verschiedene Boards mit an den Spot schleppen wollen, sondern ein <span class=\"s2\"><b>einziges Board<\/b><\/span>, das in jeder Situation \u00fcberzeugt. Mit einem <span class=\"s2\"><b>kompakten Shape<\/b><\/span> und einem <span class=\"s2\"><b>ausgewogenen Deckwinkel <\/b><\/span>kombiniert es Stabilit\u00e4t, Performance und spielerische Agilit\u00e4t.<span class=\"Apple-converted-space\">\u00a0 <\/span><\/p>\n<h3>Spezifikationen<\/h3>\n<table>\n<thead>\n<tr>\n<th>Size<\/th>\n<th>Length<\/th>\n<th>Length cm<\/th>\n<th>Thickness<\/th>\n<th>Thickness cm<\/th>\n<th>Volume l<\/th>\n<th>Width<\/th>\n<th>Width cm<\/th>\n<\/tr>\n<\/thead>\n<tbody>\n<tr>\n<td><strong>38L 4ft6<\/strong><\/td>\n<td>4&#8217;6&#8243;<\/td>\n<td>137.16<\/td>\n<td>3.8&#8243;<\/td>\n<td>9.65<\/td>\n<td>38.0<\/td>\n<td>18.1&#8243;<\/td>\n<td>45.97<\/td>\n<\/tr>\n<tr>\n<td><strong>48L 4ft10<\/strong><\/td>\n<td>4&#8217;10&#8220;<\/td>\n<td>147.32<\/td>\n<td>4.3&#8243;<\/td>\n<td>10.92<\/td>\n<td>48.0<\/td>\n<td>18.5&#8243;<\/td>\n<td>46.99<\/td>\n<\/tr>\n<tr>\n<td><strong>53L 5ft3<\/strong><\/td>\n<td>5&#8217;3&#8243;<\/td>\n<td>160.02<\/td>\n<td>4.4&#8243;<\/td>\n<td>11.17<\/td>\n<td>53.0<\/td>\n<td>18.8&#8243;<\/td>\n<td>47.75<\/td>\n<\/tr>\n<tr>\n<td><strong>58L 5ft8<\/strong><\/td>\n<td>5&#8217;8&#8243;<\/td>\n<td>172.72<\/td>\n<td>4.3&#8243;<\/td>\n<td>10.92<\/td>\n<td>58.0<\/td>\n<td>19.2&#8243;<\/td>\n<td>48.76<\/td>\n<\/tr>\n<tr>\n<td><strong>68L 6ft0<\/strong><\/td>\n<td>6&#8217;0&#8243;<\/td>\n<td>182.88<\/td>\n<td>4.6&#8243;<\/td>\n<td>11.68<\/td>\n<td>68.0<\/td>\n<td>19.8&#8243;<\/td>\n<td>50.29<\/td>\n<\/tr>\n<tr>\n<td><strong>78L 6ft1<\/strong><\/td>\n<td>6&#8217;1&#8243;<\/td>\n<td>185.42<\/td>\n<td>5.0&#8243;<\/td>\n<td>12.7<\/td>\n<td>78.0<\/td>\n<td>20.5&#8243;<\/td>\n<td>52.07<\/td>\n<\/tr>\n<tr>\n<td><strong>88L 6ft3<\/strong><\/td>\n<td>6&#8217;3&#8243;<\/td>\n<td>190.5<\/td>\n<td>5.3&#8243;<\/td>\n<td>13.46<\/td>\n<td>88.0<\/td>\n<td>21.2&#8243;<\/td>\n<td>53.84<\/td>\n<\/tr>\n<tr>\n<td><strong>108L 6ft6<\/strong><\/td>\n<td>6&#8217;6&#8243;<\/td>\n<td>198.12<\/td>\n<td>5.8&#8243;<\/td>\n<td>14.73<\/td>\n<td>108.0<\/td>\n<td>22.7&#8243;<\/td>\n<td>57.66<\/td>\n<\/tr>\n<tr>\n<td><strong>128L 6ft9<\/strong><\/td>\n<td>6&#8217;9&#8243;<\/td>\n<td>205.74<\/td>\n<td>6.3&#8243;<\/td>\n<td>16.0<\/td>\n<td>128.0<\/td>\n<td>24.0&#8243;<\/td>\n<td>60.96<\/td>\n<\/tr>\n<tr>\n<td><strong>148L 7ft0<\/strong><\/td>\n<td>7&#8217;0&#8243;<\/td>\n<td>213.36<\/td>\n<td>6.5&#8243;<\/td>\n<td>16.51<\/td>\n<td>148.0<\/td>\n<td>26.0&#8243;<\/td>\n<td>66.04<\/td>\n<\/tr>\n<\/tbody>\n<\/table>\n","protected":false},"excerpt":{"rendered":"<p class=\"p1\"><b>Naish Chimera 2026 \u2013 Ein Board f\u00fcr alles.<\/b><b><\/b><\/p>\n<p class=\"p3\">Das Naish Chimera 2026 ist der echte <span class=\"s1\"><b>Quiver-Killer<\/b><\/span>: ein vielseitiges Wingfoil-Board, das dich in Wingfoil, Surf-Foil, Downwind-Foil und sogar Tow-Sessions begleitet. Mit fr\u00fchem Lift, stabilem Tracking, reaktionsfreudigem Fahrverhalten und geringem Schwunggewicht liefert es maximale Freiheit auf dem Wasser \u2013 <span class=\"s1\"><b>ein Board f\u00fcr alle Disziplinen<\/b><\/span>.<span class=\"Apple-converted-space\">\u00a0 <\/span><\/p>\n<p class=\"p1\"><b>Highlights:<\/b><b><\/b><\/p>\n<ul>\n<li>\n<p class=\"p1\">All-Round Einsatz in vielen Foil-Disziplinen<\/p>\n<\/li>\n<li>\n<p class=\"p1\">Fr\u00fches Angleiten und geschmeidiges Tracking<\/p>\n<\/li>\n<li>\n<p class=\"p1\">Geringes Schwunggewicht f\u00fcr hohe Reaktivit\u00e4t<\/p>\n<\/li>\n<li>\n<p class=\"p1\">Stabil bei Touchdowns &amp; Turns<\/p>\n<\/li>\n<li>\n<p class=\"p1\">Kompakte, effiziente Form<\/p>\n<\/li>\n<\/ul>\n","protected":false},"featured_media":11876,"template":"","meta":{"om_disable_all_campaigns":false,"_uag_custom_page_level_css":"","_monsterinsights_skip_tracking":false,"_monsterinsights_sitenote_active":false,"_monsterinsights_sitenote_note":"","_monsterinsights_sitenote_category":0,"_uf_show_specific_survey":0,"_uf_disable_surveys":false,"site-sidebar-layout":"default","site-content-layout":"","ast-site-content-layout":"default","site-content-style":"default","site-sidebar-style":"default","ast-global-header-display":"","ast-banner-title-visibility":"","ast-main-header-display":"","ast-hfb-above-header-display":"","ast-hfb-below-header-display":"","ast-hfb-mobile-header-display":"","site-post-title":"","ast-breadcrumbs-content":"","ast-featured-img":"","footer-sml-layout":"","ast-disable-related-posts":"","theme-transparent-header-meta":"default","adv-header-id-meta":"","stick-header-meta":"default","header-above-stick-meta":"","header-main-stick-meta":"","header-below-stick-meta":"","astra-migrate-meta-layouts":"set","ast-page-background-enabled":"default","ast-page-background-meta":{"desktop":{"background-color":"","background-image":"","background-repeat":"repeat","background-position":"center center","background-size":"auto","background-attachment":"scroll","background-type":"","background-media":"","overlay-type":"","overlay-color":"","overlay-opacity":"","overlay-gradient":""},"tablet":{"background-color":"","background-image":"","background-repeat":"repeat","background-position":"center center","background-size":"auto","background-attachment":"scroll","background-type":"","background-media":"","overlay-type":"","overlay-color":"","overlay-opacity":"","overlay-gradient":""},"mobile":{"background-color":"","background-image":"","background-repeat":"repeat","background-position":"center center","background-size":"auto","background-attachment":"scroll","background-type":"","background-media":"","overlay-type":"","overlay-color":"","overlay-opacity":"","overlay-gradient":""}},"ast-content-background-meta":{"desktop":{"background-color":"var(--ast-global-color-5)","background-image":"","background-repeat":"repeat","background-position":"center center","background-size":"auto","background-attachment":"scroll","background-type":"","background-media":"","overlay-type":"","overlay-color":"","overlay-opacity":"","overlay-gradient":""},"tablet":{"background-color":"var(--ast-global-color-5)","background-image":"","background-repeat":"repeat","background-position":"center center","background-size":"auto","background-attachment":"scroll","background-type":"","background-media":"","overlay-type":"","overlay-color":"","overlay-opacity":"","overlay-gradient":""},"mobile":{"background-color":"var(--ast-global-color-5)","background-image":"","background-repeat":"repeat","background-position":"center center","background-size":"auto","background-attachment":"scroll","background-type":"","background-media":"","overlay-type":"","overlay-color":"","overlay-opacity":"","overlay-gradient":""}}},"pwb-brand":[124],"product_brand":[],"product_cat":[1046,1105,1035,1012,449],"product_tag":[1066,1067,123],"class_list":{"0":"post-11838","1":"product","2":"type-product","3":"status-publish","4":"has-post-thumbnail","6":"pwb-brand-naish","7":"product_cat-allround","8":"product_cat-aufsteiger","9":"product_cat-freeride","10":"product_cat-midlength","11":"product_cat-board","12":"product_tag-chimera","13":"product_tag-midlenghs","14":"product_tag-naish","15":"desktop-align-center","16":"tablet-align-left","17":"mobile-align-left","18":"ast-product-gallery-layout-horizontal-slider","19":"ast-product-single-variable","20":"ast-product-tabs-layout-horizontal","22":"first","23":"instock","24":"shipping-taxable","25":"purchasable","26":"product-type-variable"},"aioseo_notices":[],"uagb_featured_image_src":{"full":["https:\/\/wingpassion.de\/shop\/wp-content\/uploads\/2026\/01\/Chimera-1.jpeg",800,800,false],"thumbnail":["https:\/\/wingpassion.de\/shop\/wp-content\/uploads\/2026\/01\/Chimera-1-150x150.jpeg",150,150,true],"medium":["https:\/\/wingpassion.de\/shop\/wp-content\/uploads\/2026\/01\/Chimera-1-300x300.jpeg",300,300,true],"medium_large":["https:\/\/wingpassion.de\/shop\/wp-content\/uploads\/2026\/01\/Chimera-1-768x768.jpeg",768,768,true],"large":["https:\/\/wingpassion.de\/shop\/wp-content\/uploads\/2026\/01\/Chimera-1.jpeg",800,800,false],"1536x1536":["https:\/\/wingpassion.de\/shop\/wp-content\/uploads\/2026\/01\/Chimera-1.jpeg",800,800,false],"2048x2048":["https:\/\/wingpassion.de\/shop\/wp-content\/uploads\/2026\/01\/Chimera-1.jpeg",800,800,false],"woocommerce_thumbnail":["https:\/\/wingpassion.de\/shop\/wp-content\/uploads\/2026\/01\/Chimera-1-450x450.jpeg",450,450,true],"woocommerce_single":["https:\/\/wingpassion.de\/shop\/wp-content\/uploads\/2026\/01\/Chimera-1-600x600.jpeg",600,600,true],"woocommerce_gallery_thumbnail":["https:\/\/wingpassion.de\/shop\/wp-content\/uploads\/2026\/01\/Chimera-1-100x100.jpeg",100,100,true],"dgwt-wcas-product-suggestion":["https:\/\/wingpassion.de\/shop\/wp-content\/uploads\/2026\/01\/Chimera-1.jpeg",64,64,false]},"uagb_author_info":{"display_name":"Berndshop","author_link":"https:\/\/wingpassion.de\/shop\/author"},"uagb_comment_info":0,"uagb_excerpt":"Naish Chimera 2026 \u2013 Ein Board f\u00fcr alles. Das Naish Chimera 2026 ist der echte Quiver-Killer: ein vielseitiges Wingfoil-Board, das dich in Wingfoil, Surf-Foil, Downwind-Foil und sogar Tow-Sessions begleitet. Mit fr\u00fchem Lift, stabilem Tracking, reaktionsfreudigem Fahrverhalten und geringem Schwunggewicht liefert es maximale Freiheit auf dem Wasser \u2013 ein Board f\u00fcr alle Disziplinen.\u00a0 Highlights: All-Round Einsatz&hellip;","brands":[{"id":124,"name":"Naish","slug":"naish"}],"_links":{"self":[{"href":"https:\/\/wingpassion.de\/shop\/wp-json\/wp\/v2\/product\/11838","targetHints":{"allow":["GET"]}}],"collection":[{"href":"https:\/\/wingpassion.de\/shop\/wp-json\/wp\/v2\/product"}],"about":[{"href":"https:\/\/wingpassion.de\/shop\/wp-json\/wp\/v2\/types\/product"}],"version-history":[{"count":4,"href":"https:\/\/wingpassion.de\/shop\/wp-json\/wp\/v2\/product\/11838\/revisions"}],"predecessor-version":[{"id":12786,"href":"https:\/\/wingpassion.de\/shop\/wp-json\/wp\/v2\/product\/11838\/revisions\/12786"}],"wp:featuredmedia":[{"embeddable":true,"href":"https:\/\/wingpassion.de\/shop\/wp-json\/wp\/v2\/media\/11876"}],"wp:attachment":[{"href":"https:\/\/wingpassion.de\/shop\/wp-json\/wp\/v2\/media?parent=11838"}],"wp:term":[{"taxonomy":"pwb-brand","embeddable":true,"href":"https:\/\/wingpassion.de\/shop\/wp-json\/wp\/v2\/pwb-brand?post=11838"},{"taxonomy":"product_brand","embeddable":true,"href":"https:\/\/wingpassion.de\/shop\/wp-json\/wp\/v2\/product_brand?post=11838"},{"taxonomy":"product_cat","embeddable":true,"href":"https:\/\/wingpassion.de\/shop\/wp-json\/wp\/v2\/product_cat?post=11838"},{"taxonomy":"product_tag","embeddable":true,"href":"https:\/\/wingpassion.de\/shop\/wp-json\/wp\/v2\/product_tag?post=11838"}],"curies":[{"name":"wp","href":"https:\/\/api.w.org\/{rel}","templated":true}]}}