{"id":10485,"date":"2025-06-20T08:49:57","date_gmt":"2025-06-20T08:49:57","guid":{"rendered":"https:\/\/wingpassion.de\/shop\/?post_type=product&#038;p=10485"},"modified":"2026-02-02T10:38:52","modified_gmt":"2026-02-02T10:38:52","slug":"insta360-wing-halterung","status":"publish","type":"product","link":"https:\/\/wingpassion.de\/shop\/produkt\/insta360-wing-halterung","title":{"rendered":"Insta360 Wing Halterung"},"content":{"rendered":"<p>Mit der Insta360 Wing Halterung als Mittelstrut-Verl\u00e4ngerung kannst du super Aufnahmen von deiner Session, deinen Moves und nat\u00fcrlich deinem Wing, Board und Foil machen. Die Halterung passt an jeden Wing. Alles was du zus\u00e4tzlich brauchst ist neben deiner Kamera einen passenden <a href=\"https:\/\/amzn.to\/43QPGS9\" target=\"_blank\" rel=\"noopener\">Insta360-Stick<\/a>. Den bekommst zu z.B. <a href=\"https:\/\/amzn.to\/43QPGS9\" target=\"_blank\" rel=\"noopener\">hier<\/a>:<\/p>\n<p><a href=\"https:\/\/amzn.to\/43QPGS9\" target=\"_blank\" rel=\"noopener\"><img decoding=\"async\" class=\"alignnone size-medium wp-image-10486\" src=\"https:\/\/wingpassion.de\/shop\/wp-content\/uploads\/2025\/06\/Insta360-Stick-33x300.jpg\" alt=\"\" width=\"33\" height=\"300\" \/><\/a><\/p>\n","protected":false},"excerpt":{"rendered":"<p>Insta360 Wing-Halterung &#8211; Mittelstrut-Verl\u00e4ngerung in Verbindung mit dem Insta360-Stick.<\/p>\n","protected":false},"featured_media":12809,"template":"","meta":{"om_disable_all_campaigns":false,"_uag_custom_page_level_css":"","_monsterinsights_skip_tracking":false,"_monsterinsights_sitenote_active":false,"_monsterinsights_sitenote_note":"","_monsterinsights_sitenote_category":0,"_uf_show_specific_survey":0,"_uf_disable_surveys":false,"site-sidebar-layout":"default","site-content-layout":"","ast-site-content-layout":"default","site-content-style":"default","site-sidebar-style":"default","ast-global-header-display":"","ast-banner-title-visibility":"","ast-main-header-display":"","ast-hfb-above-header-display":"","ast-hfb-below-header-display":"","ast-hfb-mobile-header-display":"","site-post-title":"","ast-breadcrumbs-content":"","ast-featured-img":"","footer-sml-layout":"","ast-disable-related-posts":"","theme-transparent-header-meta":"default","adv-header-id-meta":"","stick-header-meta":"default","header-above-stick-meta":"","header-main-stick-meta":"","header-below-stick-meta":"","astra-migrate-meta-layouts":"set","ast-page-background-enabled":"default","ast-page-background-meta":{"desktop":{"background-color":"","background-image":"","background-repeat":"repeat","background-position":"center center","background-size":"auto","background-attachment":"scroll","background-type":"","background-media":"","overlay-type":"","overlay-color":"","overlay-opacity":"","overlay-gradient":""},"tablet":{"background-color":"","background-image":"","background-repeat":"repeat","background-position":"center center","background-size":"auto","background-attachment":"scroll","background-type":"","background-media":"","overlay-type":"","overlay-color":"","overlay-opacity":"","overlay-gradient":""},"mobile":{"background-color":"","background-image":"","background-repeat":"repeat","background-position":"center center","background-size":"auto","background-attachment":"scroll","background-type":"","background-media":"","overlay-type":"","overlay-color":"","overlay-opacity":"","overlay-gradient":""}},"ast-content-background-meta":{"desktop":{"background-color":"var(--ast-global-color-5)","background-image":"","background-repeat":"repeat","background-position":"center center","background-size":"auto","background-attachment":"scroll","background-type":"","background-media":"","overlay-type":"","overlay-color":"","overlay-opacity":"","overlay-gradient":""},"tablet":{"background-color":"var(--ast-global-color-5)","background-image":"","background-repeat":"repeat","background-position":"center center","background-size":"auto","background-attachment":"scroll","background-type":"","background-media":"","overlay-type":"","overlay-color":"","overlay-opacity":"","overlay-gradient":""},"mobile":{"background-color":"var(--ast-global-color-5)","background-image":"","background-repeat":"repeat","background-position":"center center","background-size":"auto","background-attachment":"scroll","background-type":"","background-media":"","overlay-type":"","overlay-color":"","overlay-opacity":"","overlay-gradient":""}}},"pwb-brand":[495],"product_brand":[],"product_cat":[1004],"product_tag":[1015,1014,1013],"class_list":{"0":"post-10485","1":"product","2":"type-product","3":"status-publish","4":"has-post-thumbnail","6":"pwb-brand-wingpassion","7":"product_cat-gadgets","8":"product_tag-halterung","9":"product_tag-insta","10":"product_tag-insta360","11":"desktop-align-center","12":"tablet-align-left","13":"mobile-align-left","14":"ast-product-gallery-layout-horizontal-slider","15":"ast-product-tabs-layout-horizontal","17":"first","18":"instock","19":"featured","20":"shipping-taxable","21":"purchasable","22":"product-type-simple"},"aioseo_notices":[],"uagb_featured_image_src":{"full":["https:\/\/wingpassion.de\/shop\/wp-content\/uploads\/2025\/06\/Insta360-Wing-Halterung-Wingpassion.png",1024,1024,false],"thumbnail":["https:\/\/wingpassion.de\/shop\/wp-content\/uploads\/2025\/06\/Insta360-Wing-Halterung-Wingpassion-150x150.png",150,150,true],"medium":["https:\/\/wingpassion.de\/shop\/wp-content\/uploads\/2025\/06\/Insta360-Wing-Halterung-Wingpassion-300x300.png",300,300,true],"medium_large":["https:\/\/wingpassion.de\/shop\/wp-content\/uploads\/2025\/06\/Insta360-Wing-Halterung-Wingpassion-768x768.png",768,768,true],"large":["https:\/\/wingpassion.de\/shop\/wp-content\/uploads\/2025\/06\/Insta360-Wing-Halterung-Wingpassion.png",1024,1024,false],"1536x1536":["https:\/\/wingpassion.de\/shop\/wp-content\/uploads\/2025\/06\/Insta360-Wing-Halterung-Wingpassion.png",1024,1024,false],"2048x2048":["https:\/\/wingpassion.de\/shop\/wp-content\/uploads\/2025\/06\/Insta360-Wing-Halterung-Wingpassion.png",1024,1024,false],"woocommerce_thumbnail":["https:\/\/wingpassion.de\/shop\/wp-content\/uploads\/2025\/06\/Insta360-Wing-Halterung-Wingpassion-450x450.png",450,450,true],"woocommerce_single":["https:\/\/wingpassion.de\/shop\/wp-content\/uploads\/2025\/06\/Insta360-Wing-Halterung-Wingpassion-600x600.png",600,600,true],"woocommerce_gallery_thumbnail":["https:\/\/wingpassion.de\/shop\/wp-content\/uploads\/2025\/06\/Insta360-Wing-Halterung-Wingpassion-100x100.png",100,100,true],"dgwt-wcas-product-suggestion":["https:\/\/wingpassion.de\/shop\/wp-content\/uploads\/2025\/06\/Insta360-Wing-Halterung-Wingpassion-64x64.png",64,64,true]},"uagb_author_info":{"display_name":"Gordon","author_link":"https:\/\/wingpassion.de\/shop\/author"},"uagb_comment_info":0,"uagb_excerpt":"Insta360 Wing-Halterung - Mittelstrut-Verl\u00e4ngerung in Verbindung mit dem Insta360-Stick.","brands":[{"id":495,"name":"Wingpassion","slug":"wingpassion"}],"_links":{"self":[{"href":"https:\/\/wingpassion.de\/shop\/wp-json\/wp\/v2\/product\/10485","targetHints":{"allow":["GET"]}}],"collection":[{"href":"https:\/\/wingpassion.de\/shop\/wp-json\/wp\/v2\/product"}],"about":[{"href":"https:\/\/wingpassion.de\/shop\/wp-json\/wp\/v2\/types\/product"}],"version-history":[{"count":2,"href":"https:\/\/wingpassion.de\/shop\/wp-json\/wp\/v2\/product\/10485\/revisions"}],"predecessor-version":[{"id":12810,"href":"https:\/\/wingpassion.de\/shop\/wp-json\/wp\/v2\/product\/10485\/revisions\/12810"}],"wp:featuredmedia":[{"embeddable":true,"href":"https:\/\/wingpassion.de\/shop\/wp-json\/wp\/v2\/media\/12809"}],"wp:attachment":[{"href":"https:\/\/wingpassion.de\/shop\/wp-json\/wp\/v2\/media?parent=10485"}],"wp:term":[{"taxonomy":"pwb-brand","embeddable":true,"href":"https:\/\/wingpassion.de\/shop\/wp-json\/wp\/v2\/pwb-brand?post=10485"},{"taxonomy":"product_brand","embeddable":true,"href":"https:\/\/wingpassion.de\/shop\/wp-json\/wp\/v2\/product_brand?post=10485"},{"taxonomy":"product_cat","embeddable":true,"href":"https:\/\/wingpassion.de\/shop\/wp-json\/wp\/v2\/product_cat?post=10485"},{"taxonomy":"product_tag","embeddable":true,"href":"https:\/\/wingpassion.de\/shop\/wp-json\/wp\/v2\/product_tag?post=10485"}],"curies":[{"name":"wp","href":"https:\/\/api.w.org\/{rel}","templated":true}]}}