{"id":10407,"date":"2025-03-29T13:00:09","date_gmt":"2025-03-29T13:00:09","guid":{"rendered":"https:\/\/wingpassion.de\/shop\/?post_type=product&#038;p=10407"},"modified":"2026-02-04T12:26:21","modified_gmt":"2026-02-04T12:26:21","slug":"ensis-rider-helm-der-wingfoil-helm-in-den-ensis-farben","status":"publish","type":"product","link":"https:\/\/wingpassion.de\/shop\/produkt\/ensis-rider-helm-der-wingfoil-helm-in-den-ensis-farben","title":{"rendered":"ENSIS RIDER Helm &#8211; der Wingfoil-Helm in den Ensis Farben"},"content":{"rendered":"<h3 class=\"p1\"><b>Sicherheit, Komfort und Style \u2013 alles in einem Helm.<\/b><b><\/b><\/h3>\n<p class=\"p2\">Mit dem <span class=\"s1\"><b>ENSIS RIDER Helmet<\/b><\/span> bist du bestens gesch\u00fctzt, egal ob du gerade neue Tricks ausprobierst, erste Turns drehst oder einfach nur Spa\u00df auf dem Wasser hast. Der Helm ist <span class=\"s1\"><b>multi-impact-zertifiziert<\/b><\/span>, robust gebaut und gleichzeitig so leicht, dass du ihn beim Fahren kaum sp\u00fcrst.<\/p>\n<p class=\"p2\">Das integrierte <span class=\"s1\"><b>Dial Fit System<\/b><\/span> sorgt f\u00fcr eine perfekte Anpassung an deinen Kopf \u2013 schnell, einfach und pr\u00e4zise. Optional erh\u00e4ltliche <span class=\"s1\"><b>Ohrpads<\/b><\/span> bieten zus\u00e4tzlichen Schutz bei rauen Bedingungen.<\/p>\n<p class=\"p2\">Dank der durchdachten Helmform wird <span class=\"s1\"><b>Sonnenblendung reduziert<\/b><\/span>, sodass du dich voll aufs Fahren konzentrieren kannst. Und mit den drei stylischen Farben \u2013 <span class=\"s1\"><b>mint, pink oder schwarz<\/b><\/span> \u2013 setzt du auch optisch ein Statement auf dem Wasser.<\/p>\n<h3 class=\"p5\"><b>Die Features im \u00dcberblick<\/b><b><\/b><\/h3>\n<ul>\n<li class=\"p6\">CE EN-zertifizierter Wassersporthelm<\/li>\n<li class=\"p6\">Multi-impact-zugelassen f\u00fcr wiederholte Sto\u00dfeinwirkungen<\/li>\n<li class=\"p6\">Ultraleicht &amp; komfortabel \u2013 kaum sp\u00fcrbar beim Tragen<\/li>\n<li class=\"p6\">Dial Fit System f\u00fcr individuell einstellbare Passform<\/li>\n<li class=\"p6\">Reduzierte Sonnenblendung durch clevere Helmform<\/li>\n<li class=\"p6\">Optional: Ohrpads f\u00fcr zus\u00e4tzlichen Schutz<\/li>\n<li class=\"p6\">Farben: Mint, Pink, Schwarz<\/li>\n<\/ul>\n<h3 class=\"p6\"><strong>Gr\u00f6\u00dfen<\/strong><\/h3>\n<ul>\n<li class=\"p7\">S\/M: 51\u201356 cm<\/li>\n<li class=\"p7\">M\/L: 55\u201361 cm<\/li>\n<\/ul>\n<p class=\"p1\"><span class=\"s3\">\ud83d\udc49 <\/span><b>Jetzt bestellen und sicher durchstarten \u2013 mit dem ENSIS RIDER Helmet.<\/b><\/p>\n","protected":false},"excerpt":{"rendered":"<p class=\"p1\">Maximaler Schutz, stylishes Design und top Tragekomfort: Der ENSIS RIDER Helmet ist dein perfekter Begleiter f\u00fcr alle Wingfoil- und Wassersport-Abenteuer. In zwei Gr\u00f6\u00dfen und drei Farben erh\u00e4ltlich.<\/p>\n","protected":false},"featured_media":10410,"template":"","meta":{"om_disable_all_campaigns":false,"_uag_custom_page_level_css":"","_monsterinsights_skip_tracking":false,"_monsterinsights_sitenote_active":false,"_monsterinsights_sitenote_note":"","_monsterinsights_sitenote_category":0,"_uf_show_specific_survey":0,"_uf_disable_surveys":false,"site-sidebar-layout":"default","site-content-layout":"","ast-site-content-layout":"default","site-content-style":"default","site-sidebar-style":"default","ast-global-header-display":"","ast-banner-title-visibility":"","ast-main-header-display":"","ast-hfb-above-header-display":"","ast-hfb-below-header-display":"","ast-hfb-mobile-header-display":"","site-post-title":"","ast-breadcrumbs-content":"","ast-featured-img":"","footer-sml-layout":"","ast-disable-related-posts":"","theme-transparent-header-meta":"default","adv-header-id-meta":"","stick-header-meta":"default","header-above-stick-meta":"","header-main-stick-meta":"","header-below-stick-meta":"","astra-migrate-meta-layouts":"set","ast-page-background-enabled":"default","ast-page-background-meta":{"desktop":{"background-color":"","background-image":"","background-repeat":"repeat","background-position":"center center","background-size":"auto","background-attachment":"scroll","background-type":"","background-media":"","overlay-type":"","overlay-color":"","overlay-opacity":"","overlay-gradient":""},"tablet":{"background-color":"","background-image":"","background-repeat":"repeat","background-position":"center center","background-size":"auto","background-attachment":"scroll","background-type":"","background-media":"","overlay-type":"","overlay-color":"","overlay-opacity":"","overlay-gradient":""},"mobile":{"background-color":"","background-image":"","background-repeat":"repeat","background-position":"center center","background-size":"auto","background-attachment":"scroll","background-type":"","background-media":"","overlay-type":"","overlay-color":"","overlay-opacity":"","overlay-gradient":""}},"ast-content-background-meta":{"desktop":{"background-color":"var(--ast-global-color-5)","background-image":"","background-repeat":"repeat","background-position":"center center","background-size":"auto","background-attachment":"scroll","background-type":"","background-media":"","overlay-type":"","overlay-color":"","overlay-opacity":"","overlay-gradient":""},"tablet":{"background-color":"var(--ast-global-color-5)","background-image":"","background-repeat":"repeat","background-position":"center center","background-size":"auto","background-attachment":"scroll","background-type":"","background-media":"","overlay-type":"","overlay-color":"","overlay-opacity":"","overlay-gradient":""},"mobile":{"background-color":"var(--ast-global-color-5)","background-image":"","background-repeat":"repeat","background-position":"center center","background-size":"auto","background-attachment":"scroll","background-type":"","background-media":"","overlay-type":"","overlay-color":"","overlay-opacity":"","overlay-gradient":""}}},"pwb-brand":[265],"product_brand":[],"product_cat":[1034,1064,445],"product_tag":[911,266,910,1011],"class_list":{"0":"post-10407","1":"product","2":"type-product","3":"status-publish","4":"has-post-thumbnail","6":"pwb-brand-ensis","7":"product_cat-einsteiger","8":"product_cat-essentials","9":"product_cat-zubehoer","10":"product_tag-balz","11":"product_tag-ensis","12":"product_tag-helm","13":"product_tag-rider","14":"product_shipping_class-zubehoer","15":"desktop-align-center","16":"tablet-align-left","17":"mobile-align-left","18":"ast-product-gallery-layout-horizontal-slider","19":"ast-product-single-variable","20":"ast-product-tabs-layout-horizontal","22":"first","23":"instock","24":"featured","25":"shipping-taxable","26":"purchasable","27":"product-type-variable"},"aioseo_notices":[],"uagb_featured_image_src":{"full":["https:\/\/wingpassion.de\/shop\/wp-content\/uploads\/2025\/03\/ENSIS-RIDER-Helmets-Cover-3-Helmets-e1743255465503.png",814,397,false],"thumbnail":["https:\/\/wingpassion.de\/shop\/wp-content\/uploads\/2025\/03\/ENSIS-RIDER-Helmets-Cover-3-Helmets-e1743255465503-150x150.png",150,150,true],"medium":["https:\/\/wingpassion.de\/shop\/wp-content\/uploads\/2025\/03\/ENSIS-RIDER-Helmets-Cover-3-Helmets-e1743255465503-300x146.png",300,146,true],"medium_large":["https:\/\/wingpassion.de\/shop\/wp-content\/uploads\/2025\/03\/ENSIS-RIDER-Helmets-Cover-3-Helmets-e1743255465503-768x375.png",768,375,true],"large":["https:\/\/wingpassion.de\/shop\/wp-content\/uploads\/2025\/03\/ENSIS-RIDER-Helmets-Cover-3-Helmets-1024x293.png",1024,293,true],"1536x1536":["https:\/\/wingpassion.de\/shop\/wp-content\/uploads\/2025\/03\/ENSIS-RIDER-Helmets-Cover-3-Helmets-e1743255465503.png",814,397,false],"2048x2048":["https:\/\/wingpassion.de\/shop\/wp-content\/uploads\/2025\/03\/ENSIS-RIDER-Helmets-Cover-3-Helmets-e1743255465503.png",814,397,false],"woocommerce_thumbnail":["https:\/\/wingpassion.de\/shop\/wp-content\/uploads\/2025\/03\/ENSIS-RIDER-Helmets-Cover-3-Helmets-e1743255465503-450x397.png",450,397,true],"woocommerce_single":["https:\/\/wingpassion.de\/shop\/wp-content\/uploads\/2025\/03\/ENSIS-RIDER-Helmets-Cover-3-Helmets-e1743255465503-600x293.png",600,293,true],"woocommerce_gallery_thumbnail":["https:\/\/wingpassion.de\/shop\/wp-content\/uploads\/2025\/03\/ENSIS-RIDER-Helmets-Cover-3-Helmets-e1743255465503-100x100.png",100,100,true],"dgwt-wcas-product-suggestion":["https:\/\/wingpassion.de\/shop\/wp-content\/uploads\/2025\/03\/ENSIS-RIDER-Helmets-Cover-3-Helmets-e1743255465503.png",64,31,false]},"uagb_author_info":{"display_name":"Gordon","author_link":"https:\/\/wingpassion.de\/shop\/author"},"uagb_comment_info":0,"uagb_excerpt":"Maximaler Schutz, stylishes Design und top Tragekomfort: Der ENSIS RIDER Helmet ist dein perfekter Begleiter f\u00fcr alle Wingfoil- und Wassersport-Abenteuer. In zwei Gr\u00f6\u00dfen und drei Farben erh\u00e4ltlich.","brands":[{"id":265,"name":"Ensis","slug":"ensis"}],"_links":{"self":[{"href":"https:\/\/wingpassion.de\/shop\/wp-json\/wp\/v2\/product\/10407","targetHints":{"allow":["GET"]}}],"collection":[{"href":"https:\/\/wingpassion.de\/shop\/wp-json\/wp\/v2\/product"}],"about":[{"href":"https:\/\/wingpassion.de\/shop\/wp-json\/wp\/v2\/types\/product"}],"version-history":[{"count":2,"href":"https:\/\/wingpassion.de\/shop\/wp-json\/wp\/v2\/product\/10407\/revisions"}],"predecessor-version":[{"id":12813,"href":"https:\/\/wingpassion.de\/shop\/wp-json\/wp\/v2\/product\/10407\/revisions\/12813"}],"wp:featuredmedia":[{"embeddable":true,"href":"https:\/\/wingpassion.de\/shop\/wp-json\/wp\/v2\/media\/10410"}],"wp:attachment":[{"href":"https:\/\/wingpassion.de\/shop\/wp-json\/wp\/v2\/media?parent=10407"}],"wp:term":[{"taxonomy":"pwb-brand","embeddable":true,"href":"https:\/\/wingpassion.de\/shop\/wp-json\/wp\/v2\/pwb-brand?post=10407"},{"taxonomy":"product_brand","embeddable":true,"href":"https:\/\/wingpassion.de\/shop\/wp-json\/wp\/v2\/product_brand?post=10407"},{"taxonomy":"product_cat","embeddable":true,"href":"https:\/\/wingpassion.de\/shop\/wp-json\/wp\/v2\/product_cat?post=10407"},{"taxonomy":"product_tag","embeddable":true,"href":"https:\/\/wingpassion.de\/shop\/wp-json\/wp\/v2\/product_tag?post=10407"}],"curies":[{"name":"wp","href":"https:\/\/api.w.org\/{rel}","templated":true}]}}